{"id":210523,"date":"2023-09-22T10:43:37","date_gmt":"2023-09-22T10:43:37","guid":{"rendered":"https:\/\/climalife.com\/economie-circulara\/"},"modified":"2023-09-25T09:19:43","modified_gmt":"2023-09-25T09:19:43","slug":"economie-circulara","status":"publish","type":"page","link":"https:\/\/climalife.amphi.beer\/ro\/economie-circulara\/","title":{"rendered":"Economie circular\u0103"},"content":{"rendered":"\n<h2 class=\"has-climalife-blue-color has-text-color wp-block-heading\">Sustenabilitate: Accelerarea tranzi\u021biei c\u0103tre o economie circular\u0103<\/h2>\n\n\n\n<p>\u00cen calitate de pionier \u00een domeniul refriger\u0103rii responsabile prin implementarea recuper\u0103rii \u0219i valorific\u0103rii gazelor fluorurate, conceptul de economie circular\u0103 reprezint\u0103 esen\u021ba m\u0103rcii noastre.<\/p>\n\n\n\n<div class=\"wp-block-columns alignwide is-layout-flex wp-container-core-columns-is-layout-829b1d53 wp-block-columns-is-layout-flex\" style=\"margin-bottom:0\">\n<div class=\"wp-block-column has-dark-green-background-color has-text-color has-background has-link-color wp-elements-580683e1cb3804eadfa87f7d9b72ad96 is-layout-flow wp-block-column-is-layout-flow\" style=\"color:#000000;padding-top:2em;padding-right:2em;padding-bottom:2em;padding-left:2em\"><div class=\"wp-block-image is-style-default\">\n<figure class=\"aligncenter size-large is-resized\"><img loading=\"lazy\" decoding=\"async\" src=\"https:\/\/climalife.amphi.beer\/wp-content\/uploads\/2023\/09\/circularite\u00a6u-blanc-1024x904.png\" alt=\"\" class=\"wp-image-209702\" width=\"119\" height=\"104\" srcset=\"https:\/\/climalife.amphi.beer\/wp-content\/uploads\/2023\/09\/circularite\u00a6u-blanc-1024x904.png 1024w, https:\/\/climalife.amphi.beer\/wp-content\/uploads\/2023\/09\/circularite\u00a6u-blanc-300x265.png 300w, https:\/\/climalife.amphi.beer\/wp-content\/uploads\/2023\/09\/circularite\u00a6u-blanc-768x678.png 768w, https:\/\/climalife.amphi.beer\/wp-content\/uploads\/2023\/09\/circularite\u00a6u-blanc-600x530.png 600w, https:\/\/climalife.amphi.beer\/wp-content\/uploads\/2023\/09\/circularite\u00a6u-blanc.png 1182w\" sizes=\"auto, (max-width: 119px) 100vw, 119px\" \/><\/figure>\n<\/div>\n\n\n<p class=\"has-text-align-center wp-block-heading has-white-color has-text-color has-medium-font-size\">Produse <strong>recuperate<br>\u0219i regenerate<\/strong><br><\/p>\n\n\n\n<div class=\"wp-block-buttons alignfull is-horizontal is-content-justification-center is-layout-flex wp-container-core-buttons-is-layout-499968f5 wp-block-buttons-is-layout-flex\"><\/div>\n<\/div>\n\n\n\n<div class=\"wp-block-column has-text-color has-background has-link-color wp-elements-a2ee13747ed955579969c91cf57bb0d0 is-layout-flow wp-block-column-is-layout-flow\" style=\"background-color:#93c11a;color:#000000;padding-top:2em;padding-right:2em;padding-bottom:2em;padding-left:2em\"><div class=\"wp-block-image\">\n<figure class=\"aligncenter size-large is-resized\"><img loading=\"lazy\" decoding=\"async\" src=\"https:\/\/climalife.amphi.beer\/wp-content\/uploads\/2023\/09\/climat-blanc-1024x935.png\" alt=\"\" class=\"wp-image-209703\" width=\"116\" height=\"105\" srcset=\"https:\/\/climalife.amphi.beer\/wp-content\/uploads\/2023\/09\/climat-blanc-1024x935.png 1024w, https:\/\/climalife.amphi.beer\/wp-content\/uploads\/2023\/09\/climat-blanc-300x274.png 300w, https:\/\/climalife.amphi.beer\/wp-content\/uploads\/2023\/09\/climat-blanc-768x701.png 768w, https:\/\/climalife.amphi.beer\/wp-content\/uploads\/2023\/09\/climat-blanc-600x548.png 600w, https:\/\/climalife.amphi.beer\/wp-content\/uploads\/2023\/09\/climat-blanc.png 1218w\" sizes=\"auto, (max-width: 116px) 100vw, 116px\" \/><\/figure>\n<\/div>\n\n\n<p class=\"has-text-align-center has-white-color has-text-color has-medium-font-size\"><strong>Recuperare<\/strong><br>la fa\u021ba locului<\/p>\n\n\n\n<div class=\"wp-block-buttons alignfull is-horizontal is-content-justification-center is-layout-flex wp-container-core-buttons-is-layout-499968f5 wp-block-buttons-is-layout-flex\"><\/div>\n<\/div>\n\n\n\n<div class=\"wp-block-column has-dark-green-background-color has-text-color has-background has-link-color wp-elements-ea1c6081691d7c82c5f1c8cc209bd0bb is-layout-flow wp-block-column-is-layout-flow\" style=\"color:#000000;padding-top:2em;padding-right:2em;padding-bottom:2em;padding-left:2em\"><div class=\"wp-block-image\">\n<figure class=\"aligncenter size-full is-resized\"><img loading=\"lazy\" decoding=\"async\" src=\"https:\/\/climalife.amphi.beer\/wp-content\/uploads\/2023\/09\/Picto_Traitement_dechets.png\" alt=\"\" class=\"wp-image-208139\" width=\"102\" height=\"94\"\/><\/figure>\n<\/div>\n\n\n<p class=\"has-text-align-center has-white-color has-text-color has-medium-font-size\"><strong><strong>Tratare<\/strong><br><\/strong>de\u0219euri<strong><strong><br><\/strong><\/strong><\/p>\n\n\n\n<div class=\"wp-block-buttons alignfull is-horizontal is-content-justification-center is-layout-flex wp-container-core-buttons-is-layout-499968f5 wp-block-buttons-is-layout-flex\"><\/div>\n<\/div>\n<\/div>\n\n\n\n<div style=\"height:50px\" aria-hidden=\"true\" class=\"wp-block-spacer\"><\/div>\n\n\n\n<h2 class=\"has-climalife-blue-color has-text-color wp-block-heading\"><strong>Climalife joac\u0103 un rol proactiv \u00een reducerea amprentei de carbon<\/strong><\/h2>\n\n\n<div class=\"wp-block-image\">\n<figure class=\"aligncenter size-large\"><img loading=\"lazy\" decoding=\"async\" width=\"1024\" height=\"871\" src=\"https:\/\/climalife.amphi.beer\/wp-content\/uploads\/2023\/09\/Circular_economy_RO-1024x871.jpg\" alt=\"\" class=\"wp-image-210841\" srcset=\"https:\/\/climalife.amphi.beer\/wp-content\/uploads\/2023\/09\/Circular_economy_RO-1024x871.jpg 1024w, https:\/\/climalife.amphi.beer\/wp-content\/uploads\/2023\/09\/Circular_economy_RO-300x255.jpg 300w, https:\/\/climalife.amphi.beer\/wp-content\/uploads\/2023\/09\/Circular_economy_RO-768x653.jpg 768w, https:\/\/climalife.amphi.beer\/wp-content\/uploads\/2023\/09\/Circular_economy_RO-600x510.jpg 600w, https:\/\/climalife.amphi.beer\/wp-content\/uploads\/2023\/09\/Circular_economy_RO.jpg 1058w\" sizes=\"auto, (max-width: 1024px) 100vw, 1024px\" \/><\/figure>\n<\/div>\n\n\n<div style=\"height:50px\" aria-hidden=\"true\" class=\"wp-block-spacer\"><\/div>\n\n\n\n<h2 class=\"wp-block-heading\"><strong>Deschiderea unui centru de excelen\u021b\u0103 \u00een domeniul Economiei Circulare<\/strong><\/h2>\n\n\n\n<p>Pentru a face fa\u021b\u0103 provoc\u0103rilor climatice \u0219i sustenabilit\u0103\u021bii, Climalife anticipeaz\u0103 \u0219i integreaz\u0103 pe deplin responsabilitatea fa\u021b\u0103 de mediu \u00een centrul inova\u021biilor sale.<\/p>\n\n\n\n<p>Progresele \u00een tehnologie necesit\u0103 adaptarea metodelor actuale pentru a r\u0103spunde mai bine nevoilor pie\u021bei. Complexitatea noilor agenn\u021bi frigorifici cu mai multe componente (hidrocarburi, CO<sub>2<\/sub>, HFO, etc.), criteriul inflamabilit\u0103\u021bii, presiunea ridicat\u0103 etc. sunt provoc\u0103ri care necesit\u0103 noi tehnologii.<\/p>\n\n\n\n<p>Investi\u021biile noastre \u00een cercetare \u0219i dezvoltare din ultimii ani se concretizeaz\u0103 prin deschiderea unui <strong>centru de excelen\u021b\u0103 \u00een domeniul Economiei Circulare<\/strong>.<\/p>\n\n\n<div class=\"wp-block-image\">\n<figure class=\"aligncenter size-large\"><img loading=\"lazy\" decoding=\"async\" width=\"1024\" height=\"261\" src=\"https:\/\/climalife.amphi.beer\/wp-content\/uploads\/2023\/09\/Capture-decran-2023-09-07-120144-1024x261.png\" alt=\"\" class=\"wp-image-208143\" srcset=\"https:\/\/climalife.amphi.beer\/wp-content\/uploads\/2023\/09\/Capture-decran-2023-09-07-120144-1024x261.png 1024w, https:\/\/climalife.amphi.beer\/wp-content\/uploads\/2023\/09\/Capture-decran-2023-09-07-120144-300x76.png 300w, https:\/\/climalife.amphi.beer\/wp-content\/uploads\/2023\/09\/Capture-decran-2023-09-07-120144-768x195.png 768w, https:\/\/climalife.amphi.beer\/wp-content\/uploads\/2023\/09\/Capture-decran-2023-09-07-120144-600x153.png 600w, https:\/\/climalife.amphi.beer\/wp-content\/uploads\/2023\/09\/Capture-decran-2023-09-07-120144.png 1187w\" sizes=\"auto, (max-width: 1024px) 100vw, 1024px\" \/><\/figure>\n<\/div>\n\n\n<div style=\"height:50px\" aria-hidden=\"true\" class=\"wp-block-spacer\"><\/div>\n\n\n\n<h2 class=\"has-climalife-blue-color has-text-color wp-block-heading\"><strong>Descoperi\u021bi abordarea noastr\u0103 de sustenabilitate<\/strong><\/h2>\n\n\n<div class=\"wp-block-image\">\n<figure class=\"aligncenter size-full\"><a href=\"https:\/\/climalife.amphi.beer\/ro\/documentation?filter=Videos&amp;video=208938&amp;page_title_force=&amp;page_subtitle_force=\" target=\"_blank\" rel=\"noopener\"><img loading=\"lazy\" decoding=\"async\" width=\"633\" height=\"355\" src=\"http:\/\/climalife.amphi.beer\/wp-content\/uploads\/2023\/01\/capture-video-EN-play.png\" alt=\"miniature video circular economy\" class=\"wp-image-193095\" srcset=\"https:\/\/climalife.amphi.beer\/wp-content\/uploads\/2023\/01\/capture-video-EN-play.png 633w, https:\/\/climalife.amphi.beer\/wp-content\/uploads\/2023\/01\/capture-video-EN-play-300x168.png 300w, https:\/\/climalife.amphi.beer\/wp-content\/uploads\/2023\/01\/capture-video-EN-play-600x336.png 600w\" sizes=\"auto, (max-width: 633px) 100vw, 633px\" \/><\/a><\/figure>\n<\/div>\n\n\n<div class=\"wp-block-buttons is-layout-flex wp-block-buttons-is-layout-flex\"><\/div>\n\n\n\n<div style=\"height:100px\" aria-hidden=\"true\" class=\"wp-block-spacer\"><\/div>\n","protected":false},"excerpt":{"rendered":"<p>Sustenabilitate: Accelerarea tranzi\u021biei c\u0103tre o economie circular\u0103 \u00cen calitate de&#8230;<\/p>\n","protected":false},"author":12,"featured_media":0,"parent":0,"menu_order":0,"comment_status":"closed","ping_status":"closed","template":"","meta":{"footnotes":""},"class_list":["post-210523","page","type-page","status-publish","hentry"],"_links":{"self":[{"href":"https:\/\/climalife.amphi.beer\/ro\/wp-json\/wp\/v2\/pages\/210523","targetHints":{"allow":["GET"]}}],"collection":[{"href":"https:\/\/climalife.amphi.beer\/ro\/wp-json\/wp\/v2\/pages"}],"about":[{"href":"https:\/\/climalife.amphi.beer\/ro\/wp-json\/wp\/v2\/types\/page"}],"author":[{"embeddable":true,"href":"https:\/\/climalife.amphi.beer\/ro\/wp-json\/wp\/v2\/users\/12"}],"replies":[{"embeddable":true,"href":"https:\/\/climalife.amphi.beer\/ro\/wp-json\/wp\/v2\/comments?post=210523"}],"version-history":[{"count":3,"href":"https:\/\/climalife.amphi.beer\/ro\/wp-json\/wp\/v2\/pages\/210523\/revisions"}],"predecessor-version":[{"id":210842,"href":"https:\/\/climalife.amphi.beer\/ro\/wp-json\/wp\/v2\/pages\/210523\/revisions\/210842"}],"wp:attachment":[{"href":"https:\/\/climalife.amphi.beer\/ro\/wp-json\/wp\/v2\/media?parent=210523"}],"curies":[{"name":"wp","href":"https:\/\/api.w.org\/{rel}","templated":true}]}}