{"id":210420,"date":"2023-09-22T09:24:37","date_gmt":"2023-09-22T09:24:37","guid":{"rendered":"https:\/\/climalife.com\/korforgasos-gazdasag\/"},"modified":"2023-09-25T08:07:04","modified_gmt":"2023-09-25T08:07:04","slug":"korforgasos-gazdasag","status":"publish","type":"page","link":"https:\/\/climalife.amphi.beer\/hu\/korforgasos-gazdasag\/","title":{"rendered":"K\u00f6rforg\u00e1sos gazdas\u00e1g"},"content":{"rendered":"\n<h2 class=\"has-climalife-blue-color has-text-color wp-block-heading\">Fenntarthat\u00f3s\u00e1g: A k\u00f6rforg\u00e1sos gazdas\u00e1gra val\u00f3 \u00e1tt\u00e9r\u00e9s felgyors\u00edt\u00e1sa<\/h2>\n\n\n\n<p>A felel\u0151s h\u0171t\u00e9s \u00fatt\u00f6r\u0151jek\u00e9nt a Climalife fejl\u0151d\u00e9s\u00e9nek r\u00e9sze a fluorozott \u00fcvegh\u00e1zhat\u00e1s\u00fa g\u00e1zok visszanyer\u00e9se \u00e9s \u00fajrahasznos\u00edt\u00e1sa, ezzel is teljes m\u00e9rt\u00e9kben integr\u00e1lva strat\u00e9gi\u00e1j\u00e1ba a k\u00f6rforg\u00e1sos gazdas\u00e1g koncepci\u00f3j\u00e1t.<\/p>\n\n\n\n<div class=\"wp-block-columns alignwide is-layout-flex wp-container-core-columns-is-layout-829b1d53 wp-block-columns-is-layout-flex\" style=\"margin-bottom:0\">\n<div class=\"wp-block-column has-dark-green-background-color has-text-color has-background has-link-color wp-elements-a021ceead8a6de9141cc5936e74ff926 is-layout-flow wp-block-column-is-layout-flow\" style=\"color:#000000;padding-top:2em;padding-right:2em;padding-bottom:2em;padding-left:2em\"><div class=\"wp-block-image is-style-default\">\n<figure class=\"aligncenter size-large is-resized\"><img loading=\"lazy\" decoding=\"async\" src=\"https:\/\/climalife.amphi.beer\/wp-content\/uploads\/2023\/09\/circularite\u00a6u-blanc-1024x904.png\" alt=\"\" class=\"wp-image-209702\" width=\"119\" height=\"104\" srcset=\"https:\/\/climalife.amphi.beer\/wp-content\/uploads\/2023\/09\/circularite\u00a6u-blanc-1024x904.png 1024w, https:\/\/climalife.amphi.beer\/wp-content\/uploads\/2023\/09\/circularite\u00a6u-blanc-300x265.png 300w, https:\/\/climalife.amphi.beer\/wp-content\/uploads\/2023\/09\/circularite\u00a6u-blanc-768x678.png 768w, https:\/\/climalife.amphi.beer\/wp-content\/uploads\/2023\/09\/circularite\u00a6u-blanc-600x530.png 600w, https:\/\/climalife.amphi.beer\/wp-content\/uploads\/2023\/09\/circularite\u00a6u-blanc.png 1182w\" sizes=\"auto, (max-width: 119px) 100vw, 119px\" \/><\/figure>\n<\/div>\n\n\n<p class=\"has-text-align-center wp-block-heading has-white-color has-text-color has-medium-font-size\"><strong>Visszanyert\r\n\u00e9s regener\u00e1lt<\/strong>\r\nterm\u00e9kek<\/p>\n\n\n\n<div class=\"wp-block-buttons alignfull is-horizontal is-content-justification-center is-layout-flex wp-container-core-buttons-is-layout-499968f5 wp-block-buttons-is-layout-flex\"><\/div>\n<\/div>\n\n\n\n<div class=\"wp-block-column has-text-color has-background has-link-color wp-elements-59922410304a4c1ff645e79eddf3415a is-layout-flow wp-block-column-is-layout-flow\" style=\"background-color:#93c11a;color:#000000;padding-top:2em;padding-right:2em;padding-bottom:2em;padding-left:2em\"><div class=\"wp-block-image\">\n<figure class=\"aligncenter size-large is-resized\"><img loading=\"lazy\" decoding=\"async\" src=\"https:\/\/climalife.amphi.beer\/wp-content\/uploads\/2023\/09\/climat-blanc-1024x935.png\" alt=\"\" class=\"wp-image-209703\" width=\"116\" height=\"105\" srcset=\"https:\/\/climalife.amphi.beer\/wp-content\/uploads\/2023\/09\/climat-blanc-1024x935.png 1024w, https:\/\/climalife.amphi.beer\/wp-content\/uploads\/2023\/09\/climat-blanc-300x274.png 300w, https:\/\/climalife.amphi.beer\/wp-content\/uploads\/2023\/09\/climat-blanc-768x701.png 768w, https:\/\/climalife.amphi.beer\/wp-content\/uploads\/2023\/09\/climat-blanc-600x548.png 600w, https:\/\/climalife.amphi.beer\/wp-content\/uploads\/2023\/09\/climat-blanc.png 1218w\" sizes=\"auto, (max-width: 116px) 100vw, 116px\" \/><\/figure>\n<\/div>\n\n\n<p class=\"has-text-align-center has-white-color has-text-color has-medium-font-size\"><strong>Helysz\u00edni<\/strong>\r\nlefejt\u00e9s<\/p>\n\n\n\n<div class=\"wp-block-buttons alignfull is-horizontal is-content-justification-center is-layout-flex wp-container-core-buttons-is-layout-499968f5 wp-block-buttons-is-layout-flex\"><\/div>\n<\/div>\n\n\n\n<div class=\"wp-block-column has-dark-green-background-color has-text-color has-background has-link-color wp-elements-5a7edca670a50cbecc31fbbd6c905fc4 is-layout-flow wp-block-column-is-layout-flow\" style=\"color:#000000;padding-top:2em;padding-right:2em;padding-bottom:2em;padding-left:2em\"><div class=\"wp-block-image\">\n<figure class=\"aligncenter size-full is-resized\"><img loading=\"lazy\" decoding=\"async\" src=\"https:\/\/climalife.amphi.beer\/wp-content\/uploads\/2023\/09\/Picto_Traitement_dechets.png\" alt=\"\" class=\"wp-image-208139\" width=\"102\" height=\"94\"\/><\/figure>\n<\/div>\n\n\n<p class=\"has-text-align-center has-white-color has-text-color has-medium-font-size\"><strong><strong>Hullad\u00e9k<\/strong>\r\n<\/strong>kezel\u00e9s<strong><strong>\r\n<\/strong><\/strong><\/p>\n\n\n\n<div class=\"wp-block-buttons alignfull is-horizontal is-content-justification-center is-layout-flex wp-container-core-buttons-is-layout-499968f5 wp-block-buttons-is-layout-flex\"><\/div>\n<\/div>\n<\/div>\n\n\n\n<div style=\"height:50px\" aria-hidden=\"true\" class=\"wp-block-spacer\"><\/div>\n\n\n\n<h2 class=\"has-climalife-blue-color has-text-color wp-block-heading\"><strong>A Climalife proakt\u00edv szerepet j\u00e1tszik a sz\u00e9nl\u00e1bnyom cs\u00f6kkent\u00e9s\u00e9ben<\/strong><\/h2>\n\n\n<div class=\"wp-block-image\">\n<figure class=\"aligncenter size-large\"><img loading=\"lazy\" decoding=\"async\" width=\"1024\" height=\"846\" src=\"https:\/\/climalife.amphi.beer\/wp-content\/uploads\/2023\/09\/Circular_economy_HU-1024x846.jpg\" alt=\"\" class=\"wp-image-210820\" srcset=\"https:\/\/climalife.amphi.beer\/wp-content\/uploads\/2023\/09\/Circular_economy_HU-1024x846.jpg 1024w, https:\/\/climalife.amphi.beer\/wp-content\/uploads\/2023\/09\/Circular_economy_HU-300x248.jpg 300w, https:\/\/climalife.amphi.beer\/wp-content\/uploads\/2023\/09\/Circular_economy_HU-768x634.jpg 768w, https:\/\/climalife.amphi.beer\/wp-content\/uploads\/2023\/09\/Circular_economy_HU-600x495.jpg 600w, https:\/\/climalife.amphi.beer\/wp-content\/uploads\/2023\/09\/Circular_economy_HU.jpg 1090w\" sizes=\"auto, (max-width: 1024px) 100vw, 1024px\" \/><\/figure>\n<\/div>\n\n\n<div style=\"height:50px\" aria-hidden=\"true\" class=\"wp-block-spacer\"><\/div>\n\n\n\n<h2 class=\"wp-block-heading\"><strong>Egy Kiv\u00e1l\u00f3s\u00e1gi K\u00f6zpont megnyit\u00e1sa a k\u00f6rforg\u00e1sos gazdas\u00e1g ter\u00fclet\u00e9n<\/strong><\/h2>\n\n\n\n<p>Az \u00e9ghajlatv\u00e1ltoz\u00e1s \u00e9s a fenntarthat\u00f3s\u00e1g kih\u00edv\u00e1sainak val\u00f3 megfelel\u00e9s \u00e9rdek\u00e9ben a Climalife el\u0151re l\u00e1tja \u00e9s innov\u00e1ci\u00f3inak k\u00f6z\u00e9ppontj\u00e1ba teljes m\u00e9rt\u00e9kben integr\u00e1lja a k\u00f6rnyezeti felel\u0151ss\u00e9gv\u00e1llal\u00e1st.<\/p>\n\n\n\n<p>A technikai k\u00f6zegek technol\u00f3giai fejl\u0151d\u00e9se megk\u00f6veteli, hogy jelenlegi m\u00f3dszereinket \u00fagy alak\u00edtsuk, hogy az az \u00d6n ig\u00e9nyeinek jobban megfeleljen. Az \u00faj, t\u00f6bbkomponens\u0171 k\u00f6zegek (sz\u00e9nhidrog\u00e9nek, CO<sub>2<\/sub>, HFO stb.) \u00f6sszetetts\u00e9ge, a gy\u00fal\u00e9konys\u00e1g krit\u00e9riuma, a nagy nyom\u00e1s stb. mind olyan kih\u00edv\u00e1sok, amelyek \u00faj technol\u00f3gi\u00e1kat ig\u00e9nyelnek.<\/p>\n\n\n\n<p>A kutat\u00e1s-fejleszt\u00e9sbe t\u00f6rt\u00e9n\u0151 befektet\u00e9seink eredm\u00e9nyesek voltak az elm\u00falt \u00e9vekben, els\u0151sorban a <strong>k\u00f6rforg\u00e1sos gazdas\u00e1ggal foglalkoz\u00f3 kiv\u00e1l\u00f3s\u00e1gi k\u00f6zpont<\/strong> megnyit\u00e1s\u00e1val.<\/p>\n\n\n<div class=\"wp-block-image\">\n<figure class=\"aligncenter size-large\"><img loading=\"lazy\" decoding=\"async\" width=\"1024\" height=\"261\" src=\"https:\/\/climalife.amphi.beer\/wp-content\/uploads\/2023\/09\/Capture-decran-2023-09-07-120144-1024x261.png\" alt=\"\" class=\"wp-image-208143\" srcset=\"https:\/\/climalife.amphi.beer\/wp-content\/uploads\/2023\/09\/Capture-decran-2023-09-07-120144-1024x261.png 1024w, https:\/\/climalife.amphi.beer\/wp-content\/uploads\/2023\/09\/Capture-decran-2023-09-07-120144-300x76.png 300w, https:\/\/climalife.amphi.beer\/wp-content\/uploads\/2023\/09\/Capture-decran-2023-09-07-120144-768x195.png 768w, https:\/\/climalife.amphi.beer\/wp-content\/uploads\/2023\/09\/Capture-decran-2023-09-07-120144-600x153.png 600w, https:\/\/climalife.amphi.beer\/wp-content\/uploads\/2023\/09\/Capture-decran-2023-09-07-120144.png 1187w\" sizes=\"auto, (max-width: 1024px) 100vw, 1024px\" \/><\/figure>\n<\/div>\n\n\n<div style=\"height:50px\" aria-hidden=\"true\" class=\"wp-block-spacer\"><\/div>\n\n\n\n<h2 class=\"has-climalife-blue-color has-text-color wp-block-heading\"><strong>Fedezze fel k\u00f6rforg\u00e1sos gazdas\u00e1gi megk\u00f6zel\u00edt\u00e9s\u00fcnket!<\/strong><\/h2>\n\n\n<div class=\"wp-block-image\">\n<figure class=\"aligncenter size-full\"><a href=\"https:\/\/climalife.amphi.beer\/hu\/documentation?filter=Videos&amp;video=208938&amp;page_title_force=&amp;page_subtitle_force=\" target=\"_blank\" rel=\"noopener\"><img loading=\"lazy\" decoding=\"async\" width=\"633\" height=\"355\" src=\"http:\/\/climalife.amphi.beer\/wp-content\/uploads\/2023\/01\/capture-video-EN-play.png\" alt=\"miniature video circular economy\" class=\"wp-image-193095\" srcset=\"https:\/\/climalife.amphi.beer\/wp-content\/uploads\/2023\/01\/capture-video-EN-play.png 633w, https:\/\/climalife.amphi.beer\/wp-content\/uploads\/2023\/01\/capture-video-EN-play-300x168.png 300w, https:\/\/climalife.amphi.beer\/wp-content\/uploads\/2023\/01\/capture-video-EN-play-600x336.png 600w\" sizes=\"auto, (max-width: 633px) 100vw, 633px\" \/><\/a><\/figure>\n<\/div>\n\n\n<div class=\"wp-block-buttons is-layout-flex wp-block-buttons-is-layout-flex\"><\/div>\n\n\n\n<div style=\"height:100px\" aria-hidden=\"true\" class=\"wp-block-spacer\"><\/div>\n","protected":false},"excerpt":{"rendered":"<p>Fenntarthat\u00f3s\u00e1g: A k\u00f6rforg\u00e1sos gazdas\u00e1gra val\u00f3 \u00e1tt\u00e9r\u00e9s felgyors\u00edt\u00e1sa A felel\u0151s h\u0171t\u00e9s&#8230;<\/p>\n","protected":false},"author":12,"featured_media":0,"parent":0,"menu_order":0,"comment_status":"closed","ping_status":"closed","template":"","meta":{"footnotes":""},"class_list":["post-210420","page","type-page","status-publish","hentry"],"_links":{"self":[{"href":"https:\/\/climalife.amphi.beer\/hu\/wp-json\/wp\/v2\/pages\/210420","targetHints":{"allow":["GET"]}}],"collection":[{"href":"https:\/\/climalife.amphi.beer\/hu\/wp-json\/wp\/v2\/pages"}],"about":[{"href":"https:\/\/climalife.amphi.beer\/hu\/wp-json\/wp\/v2\/types\/page"}],"author":[{"embeddable":true,"href":"https:\/\/climalife.amphi.beer\/hu\/wp-json\/wp\/v2\/users\/12"}],"replies":[{"embeddable":true,"href":"https:\/\/climalife.amphi.beer\/hu\/wp-json\/wp\/v2\/comments?post=210420"}],"version-history":[{"count":10,"href":"https:\/\/climalife.amphi.beer\/hu\/wp-json\/wp\/v2\/pages\/210420\/revisions"}],"predecessor-version":[{"id":210824,"href":"https:\/\/climalife.amphi.beer\/hu\/wp-json\/wp\/v2\/pages\/210420\/revisions\/210824"}],"wp:attachment":[{"href":"https:\/\/climalife.amphi.beer\/hu\/wp-json\/wp\/v2\/media?parent=210420"}],"curies":[{"name":"wp","href":"https:\/\/api.w.org\/{rel}","templated":true}]}}