{"id":201502,"date":"2023-07-11T15:08:46","date_gmt":"2023-07-11T15:08:46","guid":{"rendered":"https:\/\/climalife.com\/etikai-kodex\/"},"modified":"2023-07-11T15:17:03","modified_gmt":"2023-07-11T15:17:03","slug":"etikai-kodex","status":"publish","type":"page","link":"https:\/\/climalife.amphi.beer\/hu\/etikai-kodex\/","title":{"rendered":"Etikai K\u00d3DEX"},"content":{"rendered":"\n<div style=\"height:50px\" aria-hidden=\"true\" class=\"wp-block-spacer\"><\/div>\n\n\n<div class=\"wp-block-image\">\n<figure class=\"alignleft size-full is-resized\"><a href=\"https:\/\/climalife.amphi.beer\/wp-content\/uploads\/2022\/09\/uploadsassetsCode20of20ethicsetikaKC393DEX_batHU_X-1.pdf\" target=\"_blank\" rel=\"noreferrer noopener\"><img decoding=\"async\" src=\"http:\/\/climalife.amphi.beer\/wp-content\/uploads\/2023\/07\/code-ethique-HU.png\" alt=\"\" class=\"wp-image-201460\" width=\"440\" srcset=\"https:\/\/climalife.amphi.beer\/wp-content\/uploads\/2023\/07\/code-ethique-HU.png 553w, https:\/\/climalife.amphi.beer\/wp-content\/uploads\/2023\/07\/code-ethique-HU-212x300.png 212w\" sizes=\"(max-width: 553px) 100vw, 553px\" \/><\/a><\/figure>\n<\/div>\n\n\n<p>Pierre-Etienne Dehon, Eln\u00f6k<\/p>\n\n\n\n<p><em>\u201et\u00f6rekv\u00e9seink k\u00f6z\u00f6s nevez\u0151je a kezdetekt\u0151l fogva \u00fcgy- feleink elhivatott kiszolg\u00e1l\u00e1sa\u201d O. J. Dehon (1923-2010)<\/em><\/p>\n\n\n\n<p>Az 1874-ben alap\u00edtott \u00e9s 1931 \u00f3ta csal\u00e1di v\u00e1llalatk\u00e9nt m\u0171k\u00f6d\u0151 De- hon-csoport m\u00e1ra t\u00f6bb mint 700 alkalmazottat foglalkoztat t\u00f6bb, mint 15 orsz\u00e1gban. Ez id\u0151 alatt v\u00e1llalatunk egyre n\u0151tt, terjeszkedett, \u00e9s egyre diverzifik\u00e1ltabb\u00e1 v\u00e1lt azon \u00e9rt\u00e9kek ment\u00e9n, amelyek k\u00f6r\u00e9 alap\u00edt\u00e1sa \u00f3ta szervez\u0151d\u00f6tt. A nap mint nap meghozott d\u00f6nt\u00e9sek \u00e9s a mindenna- pos tev\u00e9kenys\u00e9g\u00fcnk kihat\u00e1ssal vannak a Csoportra \u00e9s annak h\u00edrnev\u00e9re. Ez\u00e9rt fontos, hogy mindegyik\u00fcnk \u00e9szben tartsa \u00e9s k\u00e9pviselje \u00e9rt\u00e9keinket (ezekt\u00f6bbek k\u00f6z\u00f6ttaz integrit\u00e1s, a j\u00f3hiszem\u0171s\u00e9g, egym\u00e1s tisztelete, a felel\u0151s fejl\u0151d\u00e9s stb.), \u00e9s mindegyik\u00fcnknek be kell tartania az \u00e9rt\u00e9keink- kel \u00f6sszhangban l\u00e9v\u0151, alapvet\u0151 magatart\u00e1si szab\u00e1lyokat.<\/p>\n\n\n\n<p>Jelen Etikai Charta rendeltet\u00e9se, hogy minden munkat\u00e1rsunkat eml\u00e9keztesse Csoportunk alapelveire \u00e9s \u00e9rt\u00e9keire. Ennek jegy\u00e9ben a Csoporton bel\u00fcli tev\u00e9kenys\u00e9g\u00e9t illet\u0151en mindegyik\u00fcnknek kezeskednie kell a Charta betart\u00e1s\u00e1\u00e9rt.<\/p>\n\n\n\n<p><strong>\u00e9rt\u00e9kek: <\/strong><\/p>\n\n\n\n<ul class=\"wp-block-list\"><li>Felel\u0151s fejl\u0151d\u00e9s<\/li><li>Integrit\u00e1s<\/li><li>Innov\u00e1ci\u00f3<\/li><li>J\u00f3hiszem\u0171s\u00e9g<\/li><li>Csal\u00e1di v\u00e1llalat<\/li><\/ul>\n\n\n\n<p><a href=\"https:\/\/climalife.amphi.beer\/wp-content\/uploads\/2022\/09\/uploadsassetsCode20of20ethicsetikaKC393DEX_batHU_X-1.pdf\" data-type=\"URL\" data-id=\"https:\/\/climalife.amphi.beer\/wp-content\/uploads\/2022\/09\/uploadsassetsCode20of20ethicsetikaKC393DEX_batHU_X-1.pdf\">Olvassa el a dokumentumot<\/a><\/p>\n\n\n\n<div style=\"height:50px\" aria-hidden=\"true\" class=\"wp-block-spacer\"><\/div>\n","protected":false},"excerpt":{"rendered":"<p>Pierre-Etienne Dehon, Eln\u00f6k \u201et\u00f6rekv\u00e9seink k\u00f6z\u00f6s nevez\u0151je a kezdetekt\u0151l fogva \u00fcgy-&#8230;<\/p>\n","protected":false},"author":53,"featured_media":0,"parent":0,"menu_order":0,"comment_status":"closed","ping_status":"closed","template":"","meta":{"footnotes":""},"class_list":["post-201502","page","type-page","status-publish","hentry"],"_links":{"self":[{"href":"https:\/\/climalife.amphi.beer\/hu\/wp-json\/wp\/v2\/pages\/201502","targetHints":{"allow":["GET"]}}],"collection":[{"href":"https:\/\/climalife.amphi.beer\/hu\/wp-json\/wp\/v2\/pages"}],"about":[{"href":"https:\/\/climalife.amphi.beer\/hu\/wp-json\/wp\/v2\/types\/page"}],"author":[{"embeddable":true,"href":"https:\/\/climalife.amphi.beer\/hu\/wp-json\/wp\/v2\/users\/53"}],"replies":[{"embeddable":true,"href":"https:\/\/climalife.amphi.beer\/hu\/wp-json\/wp\/v2\/comments?post=201502"}],"version-history":[{"count":4,"href":"https:\/\/climalife.amphi.beer\/hu\/wp-json\/wp\/v2\/pages\/201502\/revisions"}],"predecessor-version":[{"id":201508,"href":"https:\/\/climalife.amphi.beer\/hu\/wp-json\/wp\/v2\/pages\/201502\/revisions\/201508"}],"wp:attachment":[{"href":"https:\/\/climalife.amphi.beer\/hu\/wp-json\/wp\/v2\/media?parent=201502"}],"curies":[{"name":"wp","href":"https:\/\/api.w.org\/{rel}","templated":true}]}}