{"id":183661,"date":"2007-12-28T16:36:35","date_gmt":"2007-12-28T16:36:35","guid":{"rendered":"http:\/\/climalife.com\/jogi-hivatkozasok\/"},"modified":"2023-07-12T12:16:38","modified_gmt":"2023-07-12T12:16:38","slug":"jogi-hivatkozasok","status":"publish","type":"page","link":"https:\/\/climalife.amphi.beer\/hu\/jogi-hivatkozasok\/","title":{"rendered":"Jogi hivatkoz\u00e1sok"},"content":{"rendered":"\n<div style=\"height:25px\" aria-hidden=\"true\" class=\"wp-block-spacer\"><\/div>\n\n\n\n<p>Az \u00d6n \u00e1ltal megtekintett oldal a k\u00f6vetkez\u0151 tulajdon\u00e1t k\u00e9pezi:<\/p>\n\n\n\n<p><strong>DEHON SERVICE SAS &#8211; CLIMALIFE<\/strong> <br>4 Rue de la Croix Faubin  <br>75011 Paris <br>Email : <a href=\"https:\/\/climalife.amphi.beer\/hu\/contact-us\/\" data-type=\"URL\" data-id=\"https:\/\/climalife.amphi.beer\/hu\/contact-us\/\">Form<\/a> <br>Jegyzett t\u0151ke: 3 500 000 \u20ac <br>SIREN sz\u00e1m : 310 259 205 RCS PARIS <br>EU-n bel\u00fcli H\u00c9A-sz\u00e1m FR 62 310 259 205<\/p>\n\n\n\n<div style=\"height:25px\" aria-hidden=\"true\" class=\"wp-block-spacer\"><\/div>\n\n\n\n<p><strong>Linkek m\u00e1s honlapokra<\/strong><\/p>\n\n\n\n<p>Oldalunk olyan m\u00e1s szolg\u00e1ltat\u00e1sokra (weboldalakra, alkalmaz\u00e1sokra stb.) is hivatkozhat, amelyek felett a CLIMALIFE nem rendelkezik technikai vagy tartalmi ellen\u0151rz\u00e9ssel. Egy m\u00e1sik szolg\u00e1ltat\u00e1sra mutat\u00f3 hipertext link megl\u00e9te nem jelenti azt, hogy a CLIMALIFE j\u00f3v\u00e1hagyja ezt a szolg\u00e1ltat\u00e1st vagy annak tartalm\u00e1t.<\/p>\n\n\n\n<p>A CLIMALIFE ez\u00e9rt nem tud garanci\u00e1t v\u00e1llalni az ilyen harmadik f\u00e9lt\u0151l sz\u00e1rmaz\u00f3 szolg\u00e1ltat\u00e1sok tartalm\u00e1nak teljess\u00e9g\u00e9re, pontoss\u00e1g\u00e1ra vagy el\u00e9rhet\u0151s\u00e9g\u00e9re.<\/p>\n\n\n\n<p>A CLIMALIFE nem v\u00e1llal felel\u0151ss\u00e9get a weboldalunkon hivatkozott webes szolg\u00e1ltat\u00e1sok megtekint\u00e9s\u00e9b\u0151l vagy haszn\u00e1lat\u00e1b\u00f3l, illetve az ezeken a szolg\u00e1ltat\u00e1sokon k\u00f6zz\u00e9tett inform\u00e1ci\u00f3kb\u00f3l ered\u0151 k\u00f6zvetlen vagy k\u00f6zvetett k\u00e1rok\u00e9rt. A CLIMALIFE szint\u00e9n nem v\u00e1llal felel\u0151ss\u00e9get a szem\u00e9lyes adatok e szolg\u00e1ltat\u00e1sokban t\u00f6rt\u00e9n\u0151 feldolgoz\u00e1s\u00e1\u00e9rt.<\/p>\n\n\n\n<div style=\"height:25px\" aria-hidden=\"true\" class=\"wp-block-spacer\"><\/div>\n\n\n\n<p><strong>Szellemi tulajdon<\/strong><\/p>\n\n\n\n<p>A CLIMALIFE t\u00e1j\u00e9koztatja a Felhaszn\u00e1l\u00f3t, hogy a Weboldal teljes tartalma szerz\u0151i jogi \u00e9s v\u00e9djegyoltalom alatt \u00e1ll: ez k\u00fcl\u00f6n\u00f6sen a Weboldal log\u00f3j\u00e1t, a partnerek log\u00f3j\u00e1t, a k\u00f6zz\u00e9tett sz\u00f6vegeket, f\u00e9nyk\u00e9peket, rajzokat, szekvenci\u00e1kat, hangfelv\u00e9teleket, videoklipeket, szimb\u00f3lumokat stb. foglalja mag\u00e1ban. A CLIMALIFE fenntart minden jogot ezekre az elemekre.<\/p>\n\n\n\n<p>Az ezen elemekkel kapcsolatos minden jog fenntartva. K\u00f6vetkez\u00e9sk\u00e9ppen a CLIMALIFE el\u0151zetes \u00edr\u00e1sbeli enged\u00e9lye n\u00e9lk\u00fcl tilos b\u00e1rmilyen m\u00f3don \u00e9s b\u00e1rmilyen adathordoz\u00f3n (pap\u00edron, digit\u00e1lisan stb.) &#8211; r\u00e9szben vagy eg\u00e9szben &#8211; t\u00f6rt\u00e9n\u0151 reprodukci\u00f3, \u00e1br\u00e1zol\u00e1s, felhaszn\u00e1l\u00e1s, adapt\u00e1ci\u00f3, m\u00f3dos\u00edt\u00e1s, be\u00e9p\u00edt\u00e9s, ford\u00edt\u00e1s vagy kereskedelmi forgalomba hozatal.<\/p>\n\n\n\n<div style=\"height:25px\" aria-hidden=\"true\" class=\"wp-block-spacer\"><\/div>\n\n\n\n<p><strong>T\u00e1rhely<\/strong><\/p>\n\n\n\n<p>OVH SAS <br>500 ezer eur\u00f3s jegyzett t\u0151k\u00e9vel. <br>RCS Roubaix Tourcoing 424 761 419 00011 <br>APE k\u00f3d 721Z &#8211; H\u00c9A-sz\u00e1m: FR 22-424-761-419-00011 <br>Sz\u00e9khely: 140 Quai du Sartel &#8211; 59100 Roubaix &#8211; Franciaorsz\u00e1g <br>Tel:<\/p>\n","protected":false},"excerpt":{"rendered":"<p>Az \u00d6n \u00e1ltal megtekintett oldal a k\u00f6vetkez\u0151 tulajdon\u00e1t k\u00e9pezi: DEHON&#8230;<\/p>\n","protected":false},"author":53,"featured_media":0,"parent":0,"menu_order":0,"comment_status":"closed","ping_status":"closed","template":"","meta":{"footnotes":""},"class_list":["post-183661","page","type-page","status-publish","hentry"],"_links":{"self":[{"href":"https:\/\/climalife.amphi.beer\/hu\/wp-json\/wp\/v2\/pages\/183661","targetHints":{"allow":["GET"]}}],"collection":[{"href":"https:\/\/climalife.amphi.beer\/hu\/wp-json\/wp\/v2\/pages"}],"about":[{"href":"https:\/\/climalife.amphi.beer\/hu\/wp-json\/wp\/v2\/types\/page"}],"author":[{"embeddable":true,"href":"https:\/\/climalife.amphi.beer\/hu\/wp-json\/wp\/v2\/users\/53"}],"replies":[{"embeddable":true,"href":"https:\/\/climalife.amphi.beer\/hu\/wp-json\/wp\/v2\/comments?post=183661"}],"version-history":[{"count":7,"href":"https:\/\/climalife.amphi.beer\/hu\/wp-json\/wp\/v2\/pages\/183661\/revisions"}],"predecessor-version":[{"id":201814,"href":"https:\/\/climalife.amphi.beer\/hu\/wp-json\/wp\/v2\/pages\/183661\/revisions\/201814"}],"wp:attachment":[{"href":"https:\/\/climalife.amphi.beer\/hu\/wp-json\/wp\/v2\/media?parent=183661"}],"curies":[{"name":"wp","href":"https:\/\/api.w.org\/{rel}","templated":true}]}}