{"id":153571,"date":"2022-09-21T12:03:18","date_gmt":"2022-09-21T12:03:18","guid":{"rendered":"https:\/\/climalife.com\/idezet\/"},"modified":"2023-10-02T11:37:15","modified_gmt":"2023-10-02T11:37:15","slug":"idezet","status":"publish","type":"page","link":"https:\/\/climalife.amphi.beer\/hu\/idezet\/","title":{"rendered":"\u00c1raj\u00e1nlatk\u00e9r\u00e9s"},"content":{"rendered":"\n\n","protected":false},"excerpt":{"rendered":"","protected":false},"author":41,"featured_media":0,"parent":0,"menu_order":0,"comment_status":"closed","ping_status":"closed","template":"","meta":{"footnotes":""},"class_list":["post-153571","page","type-page","status-publish","hentry"],"_links":{"self":[{"href":"https:\/\/climalife.amphi.beer\/hu\/wp-json\/wp\/v2\/pages\/153571","targetHints":{"allow":["GET"]}}],"collection":[{"href":"https:\/\/climalife.amphi.beer\/hu\/wp-json\/wp\/v2\/pages"}],"about":[{"href":"https:\/\/climalife.amphi.beer\/hu\/wp-json\/wp\/v2\/types\/page"}],"author":[{"embeddable":true,"href":"https:\/\/climalife.amphi.beer\/hu\/wp-json\/wp\/v2\/users\/41"}],"replies":[{"embeddable":true,"href":"https:\/\/climalife.amphi.beer\/hu\/wp-json\/wp\/v2\/comments?post=153571"}],"version-history":[{"count":2,"href":"https:\/\/climalife.amphi.beer\/hu\/wp-json\/wp\/v2\/pages\/153571\/revisions"}],"predecessor-version":[{"id":211869,"href":"https:\/\/climalife.amphi.beer\/hu\/wp-json\/wp\/v2\/pages\/153571\/revisions\/211869"}],"wp:attachment":[{"href":"https:\/\/climalife.amphi.beer\/hu\/wp-json\/wp\/v2\/media?parent=153571"}],"curies":[{"name":"wp","href":"https:\/\/api.w.org\/{rel}","templated":true}]}}