{"id":201453,"date":"2023-07-11T14:17:10","date_gmt":"2023-07-11T14:17:10","guid":{"rendered":"https:\/\/climalife.com\/charte-ethique\/"},"modified":"2023-07-11T15:19:40","modified_gmt":"2023-07-11T15:19:40","slug":"charte-ethique","status":"publish","type":"page","link":"https:\/\/climalife.amphi.beer\/fr\/charte-ethique\/","title":{"rendered":"Charte \u00c9thique"},"content":{"rendered":"\n<div style=\"height:50px\" aria-hidden=\"true\" class=\"wp-block-spacer\"><\/div>\n\n\n<div class=\"wp-block-image\">\n<figure class=\"alignleft size-full is-resized\"><a href=\"http:\/\/climalife.amphi.beer\/wp-content\/uploads\/2022\/09\/uploadsassetsCode20of20ethicsCharteEthique_FR_bat05032019_x-1.pdf\" target=\"_blank\" rel=\"noreferrer noopener\"><img decoding=\"async\" src=\"http:\/\/climalife.amphi.beer\/wp-content\/uploads\/2023\/07\/code-ethique-FR.png\" alt=\"\" class=\"wp-image-201459\" width=\"440\" srcset=\"https:\/\/climalife.amphi.beer\/wp-content\/uploads\/2023\/07\/code-ethique-FR.png 551w, https:\/\/climalife.amphi.beer\/wp-content\/uploads\/2023\/07\/code-ethique-FR-211x300.png 211w\" sizes=\"(max-width: 551px) 100vw, 551px\" \/><\/a><\/figure>\n<\/div>\n\n\n<p>Pierre-Etienne Dehon, Pr\u00e9sident<\/p>\n\n\n\n<p><em>\u00ab Le d\u00e9nominateur commun de nos efforts a toujours \u00e9t\u00e9 notre vocation de service \u00bb O. J. Dehon ( 1923-2010)<\/em><\/p>\n\n\n\n<p>Maison fond\u00e9e en 1874 et familiale depuis 1931, le groupe Dehon compte aujourd\u2019hui plus de 700 employ\u00e9s r\u00e9partis dans plus de 15 pays. Si, au fil du temps, notre maison s\u2019est agrandie, d\u00e9ploy\u00e9e et diversifi\u00e9e, nous devons nous r\u00e9unir autour des valeurs qui ont port\u00e9 le groupe depuis son origine. Au quotidien, nous sommes tous concern\u00e9s par des d\u00e9cisions et des actions qui impactent le groupe et sa r\u00e9putation. Aussi, chacun de nous est appel\u00e9 \u00e0 prendre en consid\u00e9ration et \u00e0 incarner nos valeurs que sont, entre autres, l\u2019int\u00e9grit\u00e9, la bienveillance, le respect, le d\u00e9veloppement responsable\u2026mais aussi \u00e0 respecter les r\u00e8gles fondamentales de conduite qui en d\u00e9coulent.<\/p>\n\n\n\n<p>Cette charte \u00e9thique a pour vocation de rappeler \u00e0 l\u2019ensemble des collaborateurs les grands principes et valeurs de notre groupe. C\u2019est pourquoi, chacun de nous doit \u00eatre garant de cette charte dans ce qu\u2019il entreprend au sein du groupe.<\/p>\n\n\n\n<p><strong>Nos valeurs : <\/strong><\/p>\n\n\n\n<ul class=\"wp-block-list\"><li>D\u00e9veloppement responsable<\/li><li>Int\u00e9grit\u00e9<\/li><li>Innovation<\/li><li>Bienveillance<\/li><li>Esprit d\u2019entreprise familiale<\/li><\/ul>\n\n\n\n<p><a href=\"http:\/\/climalife.amphi.beer\/wp-content\/uploads\/2022\/09\/uploadsassetsCode20of20ethicsCharteEthique_FR_bat05032019_x-1.pdf\" data-type=\"URL\" data-id=\"http:\/\/climalife.amphi.beer\/wp-content\/uploads\/2022\/09\/uploadsassetsCode20of20ethicsCharteEthique_FR_bat05032019_x-1.pdf\">Lire le document<\/a><\/p>\n\n\n\n<div style=\"height:50px\" aria-hidden=\"true\" class=\"wp-block-spacer\"><\/div>\n","protected":false},"excerpt":{"rendered":"<p>Pierre-Etienne Dehon, Pr\u00e9sident \u00ab Le d\u00e9nominateur commun de nos efforts&#8230;<\/p>\n","protected":false},"author":53,"featured_media":0,"parent":0,"menu_order":0,"comment_status":"closed","ping_status":"closed","template":"","meta":{"footnotes":""},"class_list":["post-201453","page","type-page","status-publish","hentry"],"_links":{"self":[{"href":"https:\/\/climalife.amphi.beer\/fr\/wp-json\/wp\/v2\/pages\/201453","targetHints":{"allow":["GET"]}}],"collection":[{"href":"https:\/\/climalife.amphi.beer\/fr\/wp-json\/wp\/v2\/pages"}],"about":[{"href":"https:\/\/climalife.amphi.beer\/fr\/wp-json\/wp\/v2\/types\/page"}],"author":[{"embeddable":true,"href":"https:\/\/climalife.amphi.beer\/fr\/wp-json\/wp\/v2\/users\/53"}],"replies":[{"embeddable":true,"href":"https:\/\/climalife.amphi.beer\/fr\/wp-json\/wp\/v2\/comments?post=201453"}],"version-history":[{"count":3,"href":"https:\/\/climalife.amphi.beer\/fr\/wp-json\/wp\/v2\/pages\/201453\/revisions"}],"predecessor-version":[{"id":201511,"href":"https:\/\/climalife.amphi.beer\/fr\/wp-json\/wp\/v2\/pages\/201453\/revisions\/201511"}],"wp:attachment":[{"href":"https:\/\/climalife.amphi.beer\/fr\/wp-json\/wp\/v2\/media?parent=201453"}],"curies":[{"name":"wp","href":"https:\/\/api.w.org\/{rel}","templated":true}]}}