{"id":183654,"date":"2007-12-28T16:36:35","date_gmt":"2007-12-28T16:36:35","guid":{"rendered":"http:\/\/climalife.com\/mentions-legales\/"},"modified":"2023-07-12T12:35:22","modified_gmt":"2023-07-12T12:35:22","slug":"mentions-legales","status":"publish","type":"page","link":"https:\/\/climalife.amphi.beer\/fr\/mentions-legales\/","title":{"rendered":"Mentions l\u00e9gales"},"content":{"rendered":"\n<div style=\"height:25px\" aria-hidden=\"true\" class=\"wp-block-spacer\"><\/div>\n\n\n\n<p>Le site que vous consultez actuellement est la propri\u00e9t\u00e9 de :<\/p>\n\n\n\n<p><strong>DEHON SERVICE SAS &#8211; CLIMALIFE<\/strong><br>4 Rue de la Croix Faubin75011 Paris<br>Email : <a href=\"https:\/\/climalife.amphi.beer\/fr\/contact-us\/\" data-type=\"URL\" data-id=\"https:\/\/climalife.amphi.beer\/fr\/contact-us\/\">Compl\u00e9ter le formulaire <\/a><br>Capital: 3 500 000 \u20ac<br>SIREN : 310 259 205 RCS PARIS\u00a0<br>Num\u00e9ro de TVA intracommunautaire FR 62 310 259 205<\/p>\n\n\n\n<div style=\"height:25px\" aria-hidden=\"true\" class=\"wp-block-spacer\"><\/div>\n\n\n\n<p><strong>Liens vers d&#8217;autres sites<\/strong><\/p>\n\n\n\n<p>Notre site peut renvoyer vers d&#8217;autres services (sites web, applications, etc.) sur lesquels CLIMALIFE n&#8217;a aucun contr\u00f4le technique ou de contenu. L&#8217;existence d&#8217;un lien hypertexte vers un autre service ne constitue pas une validation par CLIMALIFE de ce service ou de son contenu.<\/p>\n\n\n\n<p>CLIMALIFE ne peut donc offrir aucune garantie quant \u00e0 l&#8217;exhaustivit\u00e9 ou \u00e0 l&#8217;exactitude du contenu de ces services tiers, ni quant \u00e0 leur disponibilit\u00e9.<\/p>\n\n\n\n<p>CLIMALIFE d\u00e9cline toute responsabilit\u00e9 pour les dommages directs ou indirects r\u00e9sultant de la consultation ou de l&#8217;utilisation des services web vers lesquels notre site renvoie ou des informations publi\u00e9es sur ces services. CLIMALIFE d\u00e9cline \u00e9galement toute responsabilit\u00e9 quant au traitement des donn\u00e9es personnelles sur ces services.<\/p>\n\n\n\n<div style=\"height:25px\" aria-hidden=\"true\" class=\"wp-block-spacer\"><\/div>\n\n\n\n<p><strong>Propri\u00e9t\u00e9 intellectuelle<\/strong><\/p>\n\n\n\n<p>CLIMALIFE informe l&#8217;Utilisateur que l&#8217;ensemble du contenu du Site est prot\u00e9g\u00e9 par le droit d&#8217;auteur et le droit des marques : cela inclut notamment le logo du Site, celui de ses partenaires, les textes publi\u00e9s, les photographies, dessins, s\u00e9quences, phonogrammes, clips vid\u00e9o, symboles, etc. CLIMALIFE se r\u00e9serve tous les droits sur ces \u00e9l\u00e9ments.<\/p>\n\n\n\n<p>Tous les droits de ces \u00e9l\u00e9ments sont r\u00e9serv\u00e9s. En cons\u00e9quence, toute reproduction, repr\u00e9sentation, utilisation, adaptation, modification, incorporation, traduction, commercialisation, partielles ou int\u00e9grales par quelque proc\u00e9d\u00e9 et sur quelque support que ce soit (papier, num\u00e9rique, etc.) sont interdites, sans l&#8217;autorisation \u00e9crite pr\u00e9alable de CLIMALIFE.<\/p>\n\n\n\n<div style=\"height:25px\" aria-hidden=\"true\" class=\"wp-block-spacer\"><\/div>\n\n\n\n<p><strong>H\u00e9bergement<\/strong><\/p>\n\n\n\n<p>OVH<br>SAS avec un capital social de 500K\u20ac.<br>RCS Roubaix Tourcoing 424 761 419 00011<br>Code APE 721Z &#8211; VAT No: FR 22-424-761-419-00011<br>Si\u00e8ge social : 140 Quai du Sartel &#8211; 59100 Roubaix &#8211; France<br>Tel:&nbsp;<\/p>\n","protected":false},"excerpt":{"rendered":"<p>Le site que vous consultez actuellement est la propri\u00e9t\u00e9 de&#8230;<\/p>\n","protected":false},"author":53,"featured_media":0,"parent":0,"menu_order":0,"comment_status":"closed","ping_status":"closed","template":"","meta":{"footnotes":""},"class_list":["post-183654","page","type-page","status-publish","hentry"],"_links":{"self":[{"href":"https:\/\/climalife.amphi.beer\/fr\/wp-json\/wp\/v2\/pages\/183654","targetHints":{"allow":["GET"]}}],"collection":[{"href":"https:\/\/climalife.amphi.beer\/fr\/wp-json\/wp\/v2\/pages"}],"about":[{"href":"https:\/\/climalife.amphi.beer\/fr\/wp-json\/wp\/v2\/types\/page"}],"author":[{"embeddable":true,"href":"https:\/\/climalife.amphi.beer\/fr\/wp-json\/wp\/v2\/users\/53"}],"replies":[{"embeddable":true,"href":"https:\/\/climalife.amphi.beer\/fr\/wp-json\/wp\/v2\/comments?post=183654"}],"version-history":[{"count":5,"href":"https:\/\/climalife.amphi.beer\/fr\/wp-json\/wp\/v2\/pages\/183654\/revisions"}],"predecessor-version":[{"id":201822,"href":"https:\/\/climalife.amphi.beer\/fr\/wp-json\/wp\/v2\/pages\/183654\/revisions\/201822"}],"wp:attachment":[{"href":"https:\/\/climalife.amphi.beer\/fr\/wp-json\/wp\/v2\/media?parent=183654"}],"curies":[{"name":"wp","href":"https:\/\/api.w.org\/{rel}","templated":true}]}}