{"id":163329,"date":"2022-09-28T18:20:00","date_gmt":"2022-09-28T18:20:00","guid":{"rendered":"http:\/\/climalife.com\/product\/novexpans-n-pentano-t\/"},"modified":"2025-07-31T13:45:29","modified_gmt":"2025-07-31T13:45:29","slug":"novexpans-n-pentano-t","status":"publish","type":"product","link":"https:\/\/climalife.amphi.beer\/es\/product\/novexpans-n-pentano-t\/","title":{"rendered":"Novexpans\u2122 n-pentano T"},"content":{"rendered":"<p>La obtenci\u00f3n de una buena rigidez mec\u00e1nica de las espumas es muy apreciada en la fabricaci\u00f3n en continuo de paneles aislantes.<\/p>\n","protected":false},"excerpt":{"rendered":"<p>Novexpans\u2122 n-pentano T es un n-pentano\u00a0que se utiliza (con un elevado porcentaje de n-pentano) como agente para la expansi\u00f3n de espumas de poliuretano r\u00edgidas.<\/p>\n","protected":false},"featured_media":223875,"comment_status":"open","ping_status":"closed","template":"","meta":[],"countries":[4674,4709,4756,4813,4831,4862],"product_brand":[],"product_cat":[9979,9952,9943,9997,13102,9509],"product_tag":[13819,13818],"class_list":{"0":"post-163329","1":"product","2":"type-product","3":"status-publish","4":"has-post-thumbnail","6":"countries-by","7":"countries-cu","8":"countries-ir","9":"countries-kp","10":"countries-ru","11":"countries-sy","12":"product_cat-automocion-transporte","13":"product_cat-construccion","14":"product_cat-alimentacion","15":"product_cat-otros-sectores","16":"product_cat-aislamiento","17":"product_cat-hidrocarburos","18":"product_tag-expansion-de-espumas","19":"product_tag-gas","20":"pa_packaging-a-granel-es-168","21":"pa_packaging-barril-217-i-es-30","22":"pa_packaging-contenedor-930-l-es-76","24":"first","25":"instock","26":"shipping-taxable","27":"purchasable","28":"product-type-variable"},"_links":{"self":[{"href":"https:\/\/climalife.amphi.beer\/es\/wp-json\/wp\/v2\/product\/163329","targetHints":{"allow":["GET"]}}],"collection":[{"href":"https:\/\/climalife.amphi.beer\/es\/wp-json\/wp\/v2\/product"}],"about":[{"href":"https:\/\/climalife.amphi.beer\/es\/wp-json\/wp\/v2\/types\/product"}],"replies":[{"embeddable":true,"href":"https:\/\/climalife.amphi.beer\/es\/wp-json\/wp\/v2\/comments?post=163329"}],"wp:featuredmedia":[{"embeddable":true,"href":"https:\/\/climalife.amphi.beer\/es\/wp-json\/wp\/v2\/media\/223875"}],"wp:attachment":[{"href":"https:\/\/climalife.amphi.beer\/es\/wp-json\/wp\/v2\/media?parent=163329"}],"wp:term":[{"taxonomy":"countries","embeddable":true,"href":"https:\/\/climalife.amphi.beer\/es\/wp-json\/wp\/v2\/countries?post=163329"},{"taxonomy":"product_brand","embeddable":true,"href":"https:\/\/climalife.amphi.beer\/es\/wp-json\/wp\/v2\/product_brand?post=163329"},{"taxonomy":"product_cat","embeddable":true,"href":"https:\/\/climalife.amphi.beer\/es\/wp-json\/wp\/v2\/product_cat?post=163329"},{"taxonomy":"product_tag","embeddable":true,"href":"https:\/\/climalife.amphi.beer\/es\/wp-json\/wp\/v2\/product_tag?post=163329"}],"curies":[{"name":"wp","href":"https:\/\/api.w.org\/{rel}","templated":true}]}}