{"id":162507,"date":"2022-09-28T18:05:50","date_gmt":"2022-09-28T18:05:50","guid":{"rendered":"http:\/\/climalife.com\/product\/total-lunaria-fr-32-46-68-100\/"},"modified":"2024-01-25T13:52:00","modified_gmt":"2024-01-25T13:52:00","slug":"aceite-total-lunaria-fr","status":"publish","type":"product","link":"https:\/\/climalife.amphi.beer\/es\/product\/aceite-total-lunaria-fr\/","title":{"rendered":"Aceite gama Total Lunaria FR"},"content":{"rendered":"<p><strong>Usos: <\/strong><\/p>\n<p>&#8211; Lubricaci\u00f3n de las partes m\u00f3viles en cualquier compresor de refrigeraci\u00f3n.<br \/>\n&#8211; Lubricaci\u00f3n de compresores de tornillos rotativos: tornillos paralelos, tornillos sat\u00e9lite simples (por ejemplo Zimmem).<\/p>\n","protected":false},"excerpt":{"rendered":"<p>Aceites minerales naft\u00e9nicos para lubricar todo tipo de compresores de refrigeracion (aceites <strong>libres de ceras<\/strong>).<\/p>\n","protected":false},"featured_media":108171,"comment_status":"open","ping_status":"closed","template":"","meta":[],"countries":[4674,4709,4756,4813,4831,4862],"product_brand":[],"product_cat":[9984,9943,9970,9997,13058,13093,13127,9350],"product_tag":[],"class_list":{"0":"post-162507","1":"product","2":"type-product","3":"status-publish","4":"has-post-thumbnail","6":"countries-by","7":"countries-cu","8":"countries-ir","9":"countries-kp","10":"countries-ru","11":"countries-sy","12":"product_cat-aeronautica-aeroespacial-defensa","13":"product_cat-alimentacion","14":"product_cat-salud-bienestar","15":"product_cat-otros-sectores","16":"product_cat-climatizacion","17":"product_cat-calefaccion","18":"product_cat-refrigeracion","19":"product_cat-aceites-minerales","20":"pa_packaging-barril-de-208-l-es-49","21":"pa_packaging-bidon-20-l-es-174","23":"first","24":"instock","25":"shipping-taxable","26":"purchasable","27":"product-type-variable"},"_links":{"self":[{"href":"https:\/\/climalife.amphi.beer\/es\/wp-json\/wp\/v2\/product\/162507","targetHints":{"allow":["GET"]}}],"collection":[{"href":"https:\/\/climalife.amphi.beer\/es\/wp-json\/wp\/v2\/product"}],"about":[{"href":"https:\/\/climalife.amphi.beer\/es\/wp-json\/wp\/v2\/types\/product"}],"replies":[{"embeddable":true,"href":"https:\/\/climalife.amphi.beer\/es\/wp-json\/wp\/v2\/comments?post=162507"}],"wp:featuredmedia":[{"embeddable":true,"href":"https:\/\/climalife.amphi.beer\/es\/wp-json\/wp\/v2\/media\/108171"}],"wp:attachment":[{"href":"https:\/\/climalife.amphi.beer\/es\/wp-json\/wp\/v2\/media?parent=162507"}],"wp:term":[{"taxonomy":"countries","embeddable":true,"href":"https:\/\/climalife.amphi.beer\/es\/wp-json\/wp\/v2\/countries?post=162507"},{"taxonomy":"product_brand","embeddable":true,"href":"https:\/\/climalife.amphi.beer\/es\/wp-json\/wp\/v2\/product_brand?post=162507"},{"taxonomy":"product_cat","embeddable":true,"href":"https:\/\/climalife.amphi.beer\/es\/wp-json\/wp\/v2\/product_cat?post=162507"},{"taxonomy":"product_tag","embeddable":true,"href":"https:\/\/climalife.amphi.beer\/es\/wp-json\/wp\/v2\/product_tag?post=162507"}],"curies":[{"name":"wp","href":"https:\/\/api.w.org\/{rel}","templated":true}]}}