{"id":210389,"date":"2023-09-22T09:16:43","date_gmt":"2023-09-22T09:16:43","guid":{"rendered":"https:\/\/climalife.com\/economia-circular\/"},"modified":"2023-10-05T07:11:10","modified_gmt":"2023-10-05T07:11:10","slug":"economia-circular","status":"publish","type":"page","link":"https:\/\/climalife.amphi.beer\/es\/economia-circular\/","title":{"rendered":"Econom\u00eda circular"},"content":{"rendered":"\n<h2 class=\"has-climalife-blue-color has-text-color wp-block-heading\">Sostenibilidad: Acelerar la transici\u00f3n a una econom\u00eda circular<\/h2>\n\n\n\n<p>Pionera en recuperaci\u00f3n y valorizaci\u00f3n de los gases fluorados de efecto invernadero, el concepto de econom\u00eda circular es la esencia misma de nuestra marca.<\/p>\n\n\n\n<div class=\"wp-block-columns alignwide is-layout-flex wp-container-core-columns-is-layout-829b1d53 wp-block-columns-is-layout-flex\" style=\"margin-bottom:0\">\n<div class=\"wp-block-column has-dark-green-background-color has-text-color has-background has-link-color wp-elements-08ac6a8914a31cffe167dde9194207f7 is-layout-flow wp-block-column-is-layout-flow\" style=\"color:#000000;padding-top:2em;padding-right:2em;padding-bottom:2em;padding-left:2em\"><div class=\"wp-block-image is-style-default\">\n<figure class=\"aligncenter size-large is-resized\"><img loading=\"lazy\" decoding=\"async\" src=\"https:\/\/climalife.amphi.beer\/wp-content\/uploads\/2023\/09\/circularite\u00a6u-blanc-1024x904.png\" alt=\"\" class=\"wp-image-209702\" width=\"119\" height=\"104\" srcset=\"https:\/\/climalife.amphi.beer\/wp-content\/uploads\/2023\/09\/circularite\u00a6u-blanc-1024x904.png 1024w, https:\/\/climalife.amphi.beer\/wp-content\/uploads\/2023\/09\/circularite\u00a6u-blanc-300x265.png 300w, https:\/\/climalife.amphi.beer\/wp-content\/uploads\/2023\/09\/circularite\u00a6u-blanc-768x678.png 768w, https:\/\/climalife.amphi.beer\/wp-content\/uploads\/2023\/09\/circularite\u00a6u-blanc-600x530.png 600w, https:\/\/climalife.amphi.beer\/wp-content\/uploads\/2023\/09\/circularite\u00a6u-blanc.png 1182w\" sizes=\"auto, (max-width: 119px) 100vw, 119px\" \/><\/figure>\n<\/div>\n\n\n<p class=\"has-text-align-center wp-block-heading has-white-color has-text-color has-medium-font-size\">Productos\n<strong>recuperados<\/strong>\n<strong>y regenerados<\/strong><\/p>\n\n\n\n<div class=\"wp-block-buttons alignfull is-horizontal is-content-justification-center is-layout-flex wp-container-core-buttons-is-layout-499968f5 wp-block-buttons-is-layout-flex\"><\/div>\n<\/div>\n\n\n\n<div class=\"wp-block-column has-text-color has-background has-link-color wp-elements-0f6cc13700f9fe2118a23ebea17846ba is-layout-flow wp-block-column-is-layout-flow\" style=\"background-color:#93c11a;color:#000000;padding-top:2em;padding-right:2em;padding-bottom:2em;padding-left:2em\"><div class=\"wp-block-image\">\n<figure class=\"aligncenter size-large is-resized\"><img loading=\"lazy\" decoding=\"async\" src=\"https:\/\/climalife.amphi.beer\/wp-content\/uploads\/2023\/09\/climat-blanc-1024x935.png\" alt=\"\" class=\"wp-image-209703\" width=\"116\" height=\"105\" srcset=\"https:\/\/climalife.amphi.beer\/wp-content\/uploads\/2023\/09\/climat-blanc-1024x935.png 1024w, https:\/\/climalife.amphi.beer\/wp-content\/uploads\/2023\/09\/climat-blanc-300x274.png 300w, https:\/\/climalife.amphi.beer\/wp-content\/uploads\/2023\/09\/climat-blanc-768x701.png 768w, https:\/\/climalife.amphi.beer\/wp-content\/uploads\/2023\/09\/climat-blanc-600x548.png 600w, https:\/\/climalife.amphi.beer\/wp-content\/uploads\/2023\/09\/climat-blanc.png 1218w\" sizes=\"auto, (max-width: 116px) 100vw, 116px\" \/><\/figure>\n<\/div>\n\n\n<p class=\"has-text-align-center has-white-color has-text-color has-medium-font-size\">Recuperaci\u00f3n\n<strong>sobre el terreno<\/strong><\/p>\n\n\n\n<div class=\"wp-block-buttons alignfull is-horizontal is-content-justification-center is-layout-flex wp-container-core-buttons-is-layout-499968f5 wp-block-buttons-is-layout-flex\"><\/div>\n<\/div>\n\n\n\n<div class=\"wp-block-column has-dark-green-background-color has-text-color has-background has-link-color wp-elements-565c2512f29389eeede39d129b620251 is-layout-flow wp-block-column-is-layout-flow\" style=\"color:#000000;padding-top:2em;padding-right:2em;padding-bottom:2em;padding-left:2em\"><div class=\"wp-block-image\">\n<figure class=\"aligncenter size-full is-resized\"><img loading=\"lazy\" decoding=\"async\" src=\"https:\/\/climalife.amphi.beer\/wp-content\/uploads\/2023\/09\/Picto_Traitement_dechets.png\" alt=\"\" class=\"wp-image-208139\" width=\"102\" height=\"94\"\/><\/figure>\n<\/div>\n\n\n<p class=\"has-text-align-center has-white-color has-text-color has-medium-font-size\">Gesti\u00f3n de <strong>residuos<\/strong><\/p>\n<div id=\"gtx-anchor\" style=\"position: absolute; visibility: hidden; left: 10px; top: 43.2px; width: 75.5875px; height: 17.6px;\">\u00a0<\/div>\n\n\n\n<div class=\"wp-block-buttons alignfull is-horizontal is-content-justification-center is-layout-flex wp-container-core-buttons-is-layout-499968f5 wp-block-buttons-is-layout-flex\"><\/div>\n<\/div>\n<\/div>\n\n\n\n<div style=\"height:50px\" aria-hidden=\"true\" class=\"wp-block-spacer\"><\/div>\n\n\n\n<h2 class=\"has-climalife-blue-color has-text-color wp-block-heading\"><strong>Climalife desempe\u00f1a un papel proactivo en la reducci\u00f3n de la huella de carbono<\/strong>\n<div id=\"gtx-anchor\" style=\"position: absolute; visibility: hidden; left: 89.05px; top: 19.2px; width: 47.825px; height: 17.6px;\"><\/div>\n<\/h2>\n\n\n<div class=\"wp-block-image\">\n<figure class=\"aligncenter size-full\"><img loading=\"lazy\" decoding=\"async\" width=\"726\" height=\"664\" src=\"https:\/\/climalife.amphi.beer\/wp-content\/uploads\/2023\/09\/Visuel-page-economie-circulaire_ES.png\" alt=\"gr\u00e1fico econom\u00eda circular\" class=\"wp-image-210064\" srcset=\"https:\/\/climalife.amphi.beer\/wp-content\/uploads\/2023\/09\/Visuel-page-economie-circulaire_ES.png 726w, https:\/\/climalife.amphi.beer\/wp-content\/uploads\/2023\/09\/Visuel-page-economie-circulaire_ES-300x274.png 300w, https:\/\/climalife.amphi.beer\/wp-content\/uploads\/2023\/09\/Visuel-page-economie-circulaire_ES-600x549.png 600w\" sizes=\"auto, (max-width: 726px) 100vw, 726px\" \/><\/figure>\n<\/div>\n\n\n<div style=\"height:50px\" aria-hidden=\"true\" class=\"wp-block-spacer\"><\/div>\n\n\n<h2><strong>Apertura de un polo de excelencia en Econom\u00eda Circular<\/strong><\/h2>\n<div id=\"gtx-anchor\" style=\"position: absolute; visibility: hidden; left: 273.763px; top: 19.2px; width: 76.1375px; height: 17.6px;\">\u00a0<\/div>\n\n\n<p>Para hacer frente a los retos clim\u00e1ticos y de sostenibilidad, Climalife se anticipa e integra plenamente la responsabilidad medioambiental en el coraz\u00f3n de sus innovaciones.<\/p>\n\n\n\n<p>Los avances en tecnolog\u00eda de fluidos requieren adaptar los m\u00e9todos actuales para satisfacer mejor las necesidades del mercado. La complejidad de los nuevos refrigerantes pluricompuestos (hidrocarburos, CO2, HFO&#8230;), la inflamabilidad, la alta presi\u00f3n, etc., son retos que exigen nuevas tecnolog\u00edas.<\/p>\n\n\n<p>Nuestras inversiones de los \u00faltimos a\u00f1os en investigaci\u00f3n y desarrollo van tomando forma con la apertura de un&nbsp;<strong>centro de excelencia en econom\u00eda circular.<\/strong><\/p>\n<div id=\"gtx-anchor\" style=\"position: absolute; visibility: hidden; left: 10px; top: 19.2px; width: 560.862px; height: 41.6px;\">&nbsp;<\/div>\n\n<div class=\"wp-block-image\">\n<figure class=\"aligncenter size-large\"><img loading=\"lazy\" decoding=\"async\" width=\"1024\" height=\"261\" src=\"https:\/\/climalife.amphi.beer\/wp-content\/uploads\/2023\/09\/Capture-decran-2023-09-07-120144-1024x261.png\" alt=\"\" class=\"wp-image-208143\" srcset=\"https:\/\/climalife.amphi.beer\/wp-content\/uploads\/2023\/09\/Capture-decran-2023-09-07-120144-1024x261.png 1024w, https:\/\/climalife.amphi.beer\/wp-content\/uploads\/2023\/09\/Capture-decran-2023-09-07-120144-300x76.png 300w, https:\/\/climalife.amphi.beer\/wp-content\/uploads\/2023\/09\/Capture-decran-2023-09-07-120144-768x195.png 768w, https:\/\/climalife.amphi.beer\/wp-content\/uploads\/2023\/09\/Capture-decran-2023-09-07-120144-600x153.png 600w, https:\/\/climalife.amphi.beer\/wp-content\/uploads\/2023\/09\/Capture-decran-2023-09-07-120144.png 1187w\" sizes=\"auto, (max-width: 1024px) 100vw, 1024px\" \/><\/figure>\n<\/div>\n\n\n<div style=\"height:50px\" aria-hidden=\"true\" class=\"wp-block-spacer\"><\/div>\n\n\n\n<h2 class=\"has-climalife-blue-color has-text-color wp-block-heading\"><strong>Descubra nuestro enfoque de econom\u00eda circular<\/strong><\/h2>\n\n\n<div class=\"wp-block-image\">\n<figure class=\"aligncenter size-full\"><a href=\"https:\/\/climalife.amphi.beer\/es\/documentation?filter=Videos&amp;video=208938&amp;page_title_force=&amp;page_subtitle_force=\" target=\"_blank\" rel=\"noopener\"><img loading=\"lazy\" decoding=\"async\" width=\"633\" height=\"355\" src=\"http:\/\/climalife.amphi.beer\/wp-content\/uploads\/2023\/01\/capture-video-EN-play.png\" alt=\"miniature video circular economy\" class=\"wp-image-193095\" srcset=\"https:\/\/climalife.amphi.beer\/wp-content\/uploads\/2023\/01\/capture-video-EN-play.png 633w, https:\/\/climalife.amphi.beer\/wp-content\/uploads\/2023\/01\/capture-video-EN-play-300x168.png 300w, https:\/\/climalife.amphi.beer\/wp-content\/uploads\/2023\/01\/capture-video-EN-play-600x336.png 600w\" sizes=\"auto, (max-width: 633px) 100vw, 633px\" \/><\/a><\/figure>\n<\/div>\n\n\n<div class=\"wp-block-buttons is-layout-flex wp-block-buttons-is-layout-flex\"><\/div>\n\n\n\n<div style=\"height:100px\" aria-hidden=\"true\" class=\"wp-block-spacer\"><\/div>\n","protected":false},"excerpt":{"rendered":"<p>Sostenibilidad: Acelerar la transici\u00f3n a una econom\u00eda circular Pionera en&#8230;<\/p>\n","protected":false},"author":12,"featured_media":0,"parent":0,"menu_order":0,"comment_status":"closed","ping_status":"closed","template":"","meta":{"footnotes":""},"class_list":["post-210389","page","type-page","status-publish","hentry"],"_links":{"self":[{"href":"https:\/\/climalife.amphi.beer\/es\/wp-json\/wp\/v2\/pages\/210389","targetHints":{"allow":["GET"]}}],"collection":[{"href":"https:\/\/climalife.amphi.beer\/es\/wp-json\/wp\/v2\/pages"}],"about":[{"href":"https:\/\/climalife.amphi.beer\/es\/wp-json\/wp\/v2\/types\/page"}],"author":[{"embeddable":true,"href":"https:\/\/climalife.amphi.beer\/es\/wp-json\/wp\/v2\/users\/12"}],"replies":[{"embeddable":true,"href":"https:\/\/climalife.amphi.beer\/es\/wp-json\/wp\/v2\/comments?post=210389"}],"version-history":[{"count":10,"href":"https:\/\/climalife.amphi.beer\/es\/wp-json\/wp\/v2\/pages\/210389\/revisions"}],"predecessor-version":[{"id":212012,"href":"https:\/\/climalife.amphi.beer\/es\/wp-json\/wp\/v2\/pages\/210389\/revisions\/212012"}],"wp:attachment":[{"href":"https:\/\/climalife.amphi.beer\/es\/wp-json\/wp\/v2\/media?parent=210389"}],"curies":[{"name":"wp","href":"https:\/\/api.w.org\/{rel}","templated":true}]}}