{"id":201514,"date":"2023-07-11T15:28:00","date_gmt":"2023-07-11T15:28:00","guid":{"rendered":"https:\/\/climalife.com\/codigo-etico\/"},"modified":"2023-08-04T08:34:43","modified_gmt":"2023-08-04T08:34:43","slug":"codigo-etico","status":"publish","type":"page","link":"https:\/\/climalife.amphi.beer\/es\/codigo-etico\/","title":{"rendered":"C\u00f3digo \u00e9tico"},"content":{"rendered":"\n<div style=\"height:50px\" aria-hidden=\"true\" class=\"wp-block-spacer\"><\/div>\n\n\n<div class=\"wp-block-image\">\n<figure class=\"alignleft size-full is-resized\"><img loading=\"lazy\" decoding=\"async\" src=\"http:\/\/climalife.amphi.beer\/wp-content\/uploads\/2023\/08\/codigo-etico-climalife.jpg\" alt=\"\" class=\"wp-image-205275\" width=\"296\" height=\"421\" srcset=\"https:\/\/climalife.amphi.beer\/wp-content\/uploads\/2023\/08\/codigo-etico-climalife.jpg 368w, https:\/\/climalife.amphi.beer\/wp-content\/uploads\/2023\/08\/codigo-etico-climalife-211x300.jpg 211w\" sizes=\"auto, (max-width: 296px) 100vw, 296px\" \/><\/figure>\n<\/div>\n\n\n<p>Pierre-Etienne Dehon, Presidente<\/p>\n\n\n\n<p><em>\u00abNuestra vocaci\u00f3n de servicio fue siempre el denominador com\u00fan de nuestros esfuerzos.\u00bb O. J. Dehon (1923-2010)<\/em><\/p>\n\n\n\n<p>Fundado en 1874 y de propiedad familiar desde 1931, hoy el Grupo Dehon cuenta con m\u00e1s de 700 empleados en m\u00e1s de 15 pa\u00edses. Aunque nuestra empresa ha crecido, se ha expandido y se ha diversificado a lo largo de los a\u00f1os, debemos unirnos en torno a los valores que han sustentado al Grupo desde sus inicios. Cada d\u00eda todos nos vemos afectados por decisiones y acciones que repercuten en el Grupo y en su reputaci\u00f3n. Por tanto, cada uno de nosotros est\u00e1 llamado a considerar y encarnar nuestros valores, que incluyen la integridad, la benevolencia, el respeto y el desarrollo responsable, y a respetar las normas fundamentales de conducta que se derivan de ellos.<\/p>\n\n\n\n<p>El prop\u00f3sito de este c\u00f3digo \u00e9tico es recordar a todos los empleados los grandes principios y valores de nuestro Grupo. Por eso cada uno de nosotros debe ser garante de este c\u00f3digo en todo aquello que emprenda dentro del Grupo.<\/p>\n\n\n\n<p><strong>Valores : <\/strong><\/p>\n\n\n\n<ul class=\"wp-block-list\"><li>Desarrollo responsable<\/li><li>Integridad<\/li><li>Innovaci\u00f3n<\/li><li>Benevolencia<\/li><li>Esp\u00edritu de empresa familiar<\/li><\/ul>\n\n\n\n<p><a href=\"http:\/\/climalife.amphi.beer\/wp-content\/uploads\/2022\/09\/uploadsassetsCode20of20ethicsCodigoEthico_bat_ES_X-1.pdf\" target=\"_blank\" data-type=\"URL\" data-id=\"http:\/\/climalife.amphi.beer\/wp-content\/uploads\/2022\/09\/uploadsassetsCode20of20ethicsCodigoEthico_bat_ES_X-1.pdf\" rel=\"noreferrer noopener\">Leer el documento<\/a><\/p>\n\n\n\n<div style=\"height:50px\" aria-hidden=\"true\" class=\"wp-block-spacer\"><\/div>\n","protected":false},"excerpt":{"rendered":"<p>Pierre-Etienne Dehon, Presidente \u00abNuestra vocaci\u00f3n de servicio fue siempre el&#8230;<\/p>\n","protected":false},"author":53,"featured_media":0,"parent":0,"menu_order":0,"comment_status":"closed","ping_status":"closed","template":"","meta":{"footnotes":""},"class_list":["post-201514","page","type-page","status-publish","hentry"],"_links":{"self":[{"href":"https:\/\/climalife.amphi.beer\/es\/wp-json\/wp\/v2\/pages\/201514","targetHints":{"allow":["GET"]}}],"collection":[{"href":"https:\/\/climalife.amphi.beer\/es\/wp-json\/wp\/v2\/pages"}],"about":[{"href":"https:\/\/climalife.amphi.beer\/es\/wp-json\/wp\/v2\/types\/page"}],"author":[{"embeddable":true,"href":"https:\/\/climalife.amphi.beer\/es\/wp-json\/wp\/v2\/users\/53"}],"replies":[{"embeddable":true,"href":"https:\/\/climalife.amphi.beer\/es\/wp-json\/wp\/v2\/comments?post=201514"}],"version-history":[{"count":8,"href":"https:\/\/climalife.amphi.beer\/es\/wp-json\/wp\/v2\/pages\/201514\/revisions"}],"predecessor-version":[{"id":205280,"href":"https:\/\/climalife.amphi.beer\/es\/wp-json\/wp\/v2\/pages\/201514\/revisions\/205280"}],"wp:attachment":[{"href":"https:\/\/climalife.amphi.beer\/es\/wp-json\/wp\/v2\/media?parent=201514"}],"curies":[{"name":"wp","href":"https:\/\/api.w.org\/{rel}","templated":true}]}}