{"id":183667,"date":"2007-12-28T16:36:35","date_gmt":"2007-12-28T16:36:35","guid":{"rendered":"http:\/\/climalife.com\/informacion-legal\/"},"modified":"2023-07-12T12:39:10","modified_gmt":"2023-07-12T12:39:10","slug":"informacion-legal","status":"publish","type":"page","link":"https:\/\/climalife.amphi.beer\/es\/informacion-legal\/","title":{"rendered":"Informaci\u00f3n legal"},"content":{"rendered":"\n<div style=\"height:25px\" aria-hidden=\"true\" class=\"wp-block-spacer\"><\/div>\n\n\n\n<p>La web que est\u00e1 viendo es propiedad de:<\/p>\n\n\n\n<p><strong>DEHON SERVICE SAS &#8211; CLIMALIFE<\/strong><br>4 Rue de la Croix Faubin75011 Paris<br>Email : <a href=\"https:\/\/climalife.amphi.beer\/fr\/contact-us\/\" data-type=\"URL\" data-id=\"https:\/\/climalife.amphi.beer\/fr\/contact-us\/\">Form<\/a><br>Capital: 3 500 000 \u20ac<br>SIREN : 310 259 205 RCS PARIS\u00a0<br>Intra EU VAT number FR 62 310 259 205<\/p>\n\n\n\n<div style=\"height:25px\" aria-hidden=\"true\" class=\"wp-block-spacer\"><\/div>\n\n\n\n<p><strong>Links a otras webs<\/strong><\/p>\n\n\n\n<p>Nuestra web puede contener enlaces a otros servicios (sitios web, aplicaciones, etc.) sobre los que CLIMALIFE no ejerce ning\u00fan control t\u00e9cnico ni de contenido. La existencia de un link hacia otro servicio no constituye una validaci\u00f3n por parte de CLIMALIFE de este servicio o de su contenido.<\/p>\n\n\n\n<p>Por tanto CLIMALIFE no puede ofrecer ninguna garant\u00eda de la integridad o exactitud del contenido de dichos servicios de terceros, ni sobre su disponibilidad.<\/p>\n\n\n\n<p>CLIMALIFE no se hace responsable de los da\u00f1os directos o indirectos derivados de la consulta o utilizaci\u00f3n de los servicios a los que enlaza nuestra web o de la informaci\u00f3n publicada en dichos servicios. CLIMALIFE tampoco se hace responsable del tratamiento de datos personales en ellos.<\/p>\n\n\n\n<div style=\"height:25px\" aria-hidden=\"true\" class=\"wp-block-spacer\"><\/div>\n\n\n\n<p><strong>Propiedad intelectual<\/strong><\/p>\n\n\n\n<p>CLIMALIFE informa a sus usuarios de que todo el contenido de la web est\u00e1 protegido por los derechos de autor y de marcas: esto incluye en particular el logotipo del sitio, el de sus socios, los textos publicados, las fotograf\u00edas, los dibujos, las secuencias, los fonogramas, los videoclips, los s\u00edmbolos, etc. CLIMALIFE se reserva todos los derechos sobre estos elementos.<\/p>\n\n\n\n<p>Todos los derechos sobre estos elementos est\u00e1n reservados. En consecuencia, queda prohibida toda reproducci\u00f3n, representaci\u00f3n, utilizaci\u00f3n, adaptaci\u00f3n, modificaci\u00f3n, incorporaci\u00f3n, traducci\u00f3n, comercializaci\u00f3n, total o parcial, por cualquier procedimiento y en cualquier soporte (papel, digital, etc.) sin la autorizaci\u00f3n previa por escrito de CLIMALIFE.<\/p>\n\n\n\n<div style=\"height:25px\" aria-hidden=\"true\" class=\"wp-block-spacer\"><\/div>\n\n\n\n<p><strong>Alojamiento<\/strong><\/p>\n\n\n\n<p>OVH<br>SAS with a share capital of \u20ac500K<br>RCS Roubaix Tourcoing 424 761 419 00011<br>Code APE 721Z &#8211; VAT No: FR 22-424-761-419-00011<br>Registered office: 140 Quai du Sartel &#8211; 59100 Roubaix \u2013 France\u00a0<br>Tel:\u00a0<\/p>\n","protected":false},"excerpt":{"rendered":"<p>La web que est\u00e1 viendo es propiedad de: DEHON SERVICE&#8230;<\/p>\n","protected":false},"author":53,"featured_media":0,"parent":0,"menu_order":0,"comment_status":"closed","ping_status":"closed","template":"","meta":{"footnotes":""},"class_list":["post-183667","page","type-page","status-publish","hentry"],"_links":{"self":[{"href":"https:\/\/climalife.amphi.beer\/es\/wp-json\/wp\/v2\/pages\/183667","targetHints":{"allow":["GET"]}}],"collection":[{"href":"https:\/\/climalife.amphi.beer\/es\/wp-json\/wp\/v2\/pages"}],"about":[{"href":"https:\/\/climalife.amphi.beer\/es\/wp-json\/wp\/v2\/types\/page"}],"author":[{"embeddable":true,"href":"https:\/\/climalife.amphi.beer\/es\/wp-json\/wp\/v2\/users\/53"}],"replies":[{"embeddable":true,"href":"https:\/\/climalife.amphi.beer\/es\/wp-json\/wp\/v2\/comments?post=183667"}],"version-history":[{"count":6,"href":"https:\/\/climalife.amphi.beer\/es\/wp-json\/wp\/v2\/pages\/183667\/revisions"}],"predecessor-version":[{"id":201824,"href":"https:\/\/climalife.amphi.beer\/es\/wp-json\/wp\/v2\/pages\/183667\/revisions\/201824"}],"wp:attachment":[{"href":"https:\/\/climalife.amphi.beer\/es\/wp-json\/wp\/v2\/media?parent=183667"}],"curies":[{"name":"wp","href":"https:\/\/api.w.org\/{rel}","templated":true}]}}