{"id":211309,"date":"2023-09-26T11:41:18","date_gmt":"2023-09-26T11:41:18","guid":{"rendered":"https:\/\/climalife.com\/circular-economy\/"},"modified":"2023-10-02T09:43:18","modified_gmt":"2023-10-02T09:43:18","slug":"circular-economy","status":"publish","type":"page","link":"https:\/\/climalife.amphi.beer\/de\/circular-economy\/","title":{"rendered":"Kreislaufwirtschaft"},"content":{"rendered":"\n<h2 class=\"has-climalife-blue-color has-text-color wp-block-heading\">Nachhaltigkeit: Den \u00dcbergang zu einer Kreislaufwirtschaft beschleunigen<\/h2>\n\n\n\n<p>Als Pionier in der R\u00fcckgewinnung und Aufbereitung fluorierter Treibhausgase ist das Konzept der Kreislaufwirtschaft das Herzst\u00fcck unserer Marke.<\/p>\n\n\n\n<div class=\"wp-block-columns alignwide is-layout-flex wp-container-core-columns-is-layout-829b1d53 wp-block-columns-is-layout-flex\" style=\"margin-bottom:0\">\n<div class=\"wp-block-column has-dark-green-background-color has-text-color has-background has-link-color wp-elements-bbc3bc9dfd2772e9e8c9f0a845c9b65c is-layout-flow wp-block-column-is-layout-flow\" style=\"color:#000000;padding-top:2em;padding-right:2em;padding-bottom:2em;padding-left:2em\"><div class=\"wp-block-image is-style-default\">\n<figure class=\"aligncenter size-large is-resized\"><img loading=\"lazy\" decoding=\"async\" src=\"https:\/\/climalife.amphi.beer\/wp-content\/uploads\/2023\/09\/circularite\u00a6u-blanc-1024x904.png\" alt=\"\" class=\"wp-image-209702\" width=\"119\" height=\"104\" srcset=\"https:\/\/climalife.amphi.beer\/wp-content\/uploads\/2023\/09\/circularite\u00a6u-blanc-1024x904.png 1024w, https:\/\/climalife.amphi.beer\/wp-content\/uploads\/2023\/09\/circularite\u00a6u-blanc-300x265.png 300w, https:\/\/climalife.amphi.beer\/wp-content\/uploads\/2023\/09\/circularite\u00a6u-blanc-768x678.png 768w, https:\/\/climalife.amphi.beer\/wp-content\/uploads\/2023\/09\/circularite\u00a6u-blanc-600x530.png 600w, https:\/\/climalife.amphi.beer\/wp-content\/uploads\/2023\/09\/circularite\u00a6u-blanc.png 1182w\" sizes=\"auto, (max-width: 119px) 100vw, 119px\" \/><\/figure>\n<\/div>\n\n\n<p class=\"has-text-align-center wp-block-heading has-white-color has-text-color has-medium-font-size\"><strong>R\u00fcckgewonnene<br>und aufbereitete<\/strong><br>Produkte<\/p>\n\n\n\n<div class=\"wp-block-buttons alignfull is-horizontal is-content-justification-center is-layout-flex wp-container-core-buttons-is-layout-499968f5 wp-block-buttons-is-layout-flex\"><\/div>\n<\/div>\n\n\n\n<div class=\"wp-block-column has-text-color has-background has-link-color wp-elements-9ed241e7cd3489313317ce2a8946cc9a is-layout-flow wp-block-column-is-layout-flow\" style=\"background-color:#93c11a;color:#000000;padding-top:2em;padding-right:2em;padding-bottom:2em;padding-left:2em\"><div class=\"wp-block-image\">\n<figure class=\"aligncenter size-large is-resized\"><img loading=\"lazy\" decoding=\"async\" src=\"https:\/\/climalife.amphi.beer\/wp-content\/uploads\/2023\/09\/climat-blanc-1024x935.png\" alt=\"\" class=\"wp-image-209703\" width=\"116\" height=\"105\" srcset=\"https:\/\/climalife.amphi.beer\/wp-content\/uploads\/2023\/09\/climat-blanc-1024x935.png 1024w, https:\/\/climalife.amphi.beer\/wp-content\/uploads\/2023\/09\/climat-blanc-300x274.png 300w, https:\/\/climalife.amphi.beer\/wp-content\/uploads\/2023\/09\/climat-blanc-768x701.png 768w, https:\/\/climalife.amphi.beer\/wp-content\/uploads\/2023\/09\/climat-blanc-600x548.png 600w, https:\/\/climalife.amphi.beer\/wp-content\/uploads\/2023\/09\/climat-blanc.png 1218w\" sizes=\"auto, (max-width: 116px) 100vw, 116px\" \/><\/figure>\n<\/div>\n\n\n<p class=\"has-text-align-center has-white-color has-text-color has-medium-font-size\"><strong>Vor Ort<\/strong><br>R\u00fcckgewinnung<\/p>\n\n\n\n<div class=\"wp-block-buttons alignfull is-horizontal is-content-justification-center is-layout-flex wp-container-core-buttons-is-layout-499968f5 wp-block-buttons-is-layout-flex\"><\/div>\n<\/div>\n\n\n\n<div class=\"wp-block-column has-dark-green-background-color has-text-color has-background has-link-color wp-elements-957c68f431f912ca1a951f8be3ea85a0 is-layout-flow wp-block-column-is-layout-flow\" style=\"color:#000000;padding-top:2em;padding-right:2em;padding-bottom:2em;padding-left:2em\"><div class=\"wp-block-image\">\n<figure class=\"aligncenter size-full is-resized\"><img loading=\"lazy\" decoding=\"async\" src=\"https:\/\/climalife.amphi.beer\/wp-content\/uploads\/2023\/09\/Picto_Traitement_dechets.png\" alt=\"\" class=\"wp-image-208139\" width=\"102\" height=\"94\"\/><\/figure>\n<\/div>\n\n\n<p class=\"has-text-align-center has-white-color has-text-color has-medium-font-size\"><strong><strong>Abfall<\/strong><br><\/strong>Behandlung<strong><strong><br><\/strong><\/strong><\/p>\n\n\n\n<div class=\"wp-block-buttons alignfull is-horizontal is-content-justification-center is-layout-flex wp-container-core-buttons-is-layout-499968f5 wp-block-buttons-is-layout-flex\"><\/div>\n<\/div>\n<\/div>\n\n\n\n<div style=\"height:50px\" aria-hidden=\"true\" class=\"wp-block-spacer\"><\/div>\n\n\n\n<h2 class=\"has-climalife-blue-color has-text-color wp-block-heading\"><strong>Climalife spielt eine proaktive Rolle bei der Reduzierung\r\ndes CO2-Fu\u00dfabdrucks<\/strong><\/h2>\n\n\n<div class=\"wp-block-image\">\n<figure class=\"aligncenter size-large\"><img loading=\"lazy\" decoding=\"async\" width=\"1024\" height=\"628\" src=\"https:\/\/climalife.amphi.beer\/wp-content\/uploads\/2023\/09\/reducing-carbon-footprint-1-1024x628.png\" alt=\"\" class=\"wp-image-208141\" srcset=\"https:\/\/climalife.amphi.beer\/wp-content\/uploads\/2023\/09\/reducing-carbon-footprint-1-1024x628.png 1024w, https:\/\/climalife.amphi.beer\/wp-content\/uploads\/2023\/09\/reducing-carbon-footprint-1-300x184.png 300w, https:\/\/climalife.amphi.beer\/wp-content\/uploads\/2023\/09\/reducing-carbon-footprint-1-768x471.png 768w, https:\/\/climalife.amphi.beer\/wp-content\/uploads\/2023\/09\/reducing-carbon-footprint-1-600x368.png 600w, https:\/\/climalife.amphi.beer\/wp-content\/uploads\/2023\/09\/reducing-carbon-footprint-1.png 1088w\" sizes=\"auto, (max-width: 1024px) 100vw, 1024px\" \/><\/figure>\n<\/div>\n\n\n<div style=\"height:50px\" aria-hidden=\"true\" class=\"wp-block-spacer\"><\/div>\n\n\n\n<h2 class=\"wp-block-heading\"><strong>Er\u00f6ffnung eines Kompetenzzentrums f\u00fcr Kreislaufwirtschaft<\/strong><\/h2>\n\n\n\n<p>Um den Herausforderungen des Klimawandels und der Nachhaltigkeit zu begegnen, nimmt Climalife die Verantwortung f\u00fcr die Umwelt vorweg und integriert sie vollst\u00e4ndig in den Kern seiner Innovationen.<\/p>\n\n\n\n<p>Die Weiterentwicklung der Medientechnologien erfordert die Anpassung der derzeitigen Methoden, um den Bed\u00fcrfnissen des Marktes besser entgegenzukommen. Die Komplexit\u00e4t der neuen MehrkomponentenK\u00e4ltemitteln (Kohlenwasserstoffe, CO<sub>2<\/sub>, HFO, &#8230;), das Kriterium der Entflammbarkeit, der hohe Druck usw. sind alles Herausforderungen, die neue Technologien erfordern.<\/p>\n\n\n\n<p>Unsere Investitionen der letzten Jahre in Forschung und Entwicklung nehmen mit der Er\u00f6ffnung eines <strong>Exzellenzzentrums f\u00fcr Kreislaufwirtschaft<\/strong> Gestalt an.<\/p>\n\n\n<div class=\"wp-block-image\">\n<figure class=\"aligncenter size-large\"><img loading=\"lazy\" decoding=\"async\" width=\"1024\" height=\"261\" src=\"https:\/\/climalife.amphi.beer\/wp-content\/uploads\/2023\/09\/Capture-decran-2023-09-07-120144-1024x261.png\" alt=\"\" class=\"wp-image-208143\" srcset=\"https:\/\/climalife.amphi.beer\/wp-content\/uploads\/2023\/09\/Capture-decran-2023-09-07-120144-1024x261.png 1024w, https:\/\/climalife.amphi.beer\/wp-content\/uploads\/2023\/09\/Capture-decran-2023-09-07-120144-300x76.png 300w, https:\/\/climalife.amphi.beer\/wp-content\/uploads\/2023\/09\/Capture-decran-2023-09-07-120144-768x195.png 768w, https:\/\/climalife.amphi.beer\/wp-content\/uploads\/2023\/09\/Capture-decran-2023-09-07-120144-600x153.png 600w, https:\/\/climalife.amphi.beer\/wp-content\/uploads\/2023\/09\/Capture-decran-2023-09-07-120144.png 1187w\" sizes=\"auto, (max-width: 1024px) 100vw, 1024px\" \/><\/figure>\n<\/div>\n\n\n<div style=\"height:50px\" aria-hidden=\"true\" class=\"wp-block-spacer\"><\/div>\n\n\n\n<h2 class=\"has-climalife-blue-color has-text-color wp-block-heading\"><strong>Entdecken Sie unseren Nachhaltigkeitsansatz<\/strong><\/h2>\n\n\n<div class=\"wp-block-image\">\n<figure class=\"aligncenter size-full\"><a href=\"https:\/\/climalife.amphi.beer\/documentation?filter=Videos&amp;video=208938&amp;page_title_force=&amp;page_subtitle_force=\" target=\"_blank\" rel=\"noopener\"><img loading=\"lazy\" decoding=\"async\" width=\"633\" height=\"355\" src=\"http:\/\/climalife.amphi.beer\/wp-content\/uploads\/2023\/01\/capture-video-EN-play.png\" alt=\"miniature video circular economy\" class=\"wp-image-193095\" srcset=\"https:\/\/climalife.amphi.beer\/wp-content\/uploads\/2023\/01\/capture-video-EN-play.png 633w, https:\/\/climalife.amphi.beer\/wp-content\/uploads\/2023\/01\/capture-video-EN-play-300x168.png 300w, https:\/\/climalife.amphi.beer\/wp-content\/uploads\/2023\/01\/capture-video-EN-play-600x336.png 600w\" sizes=\"auto, (max-width: 633px) 100vw, 633px\" \/><\/a><\/figure>\n<\/div>\n\n\n<div class=\"wp-block-buttons is-layout-flex wp-block-buttons-is-layout-flex\"><\/div>\n\n\n\n<div style=\"height:100px\" aria-hidden=\"true\" class=\"wp-block-spacer\"><\/div>\n","protected":false},"excerpt":{"rendered":"<p>Nachhaltigkeit: Den \u00dcbergang zu einer Kreislaufwirtschaft beschleunigen Als Pionier in&#8230;<\/p>\n","protected":false},"author":12,"featured_media":0,"parent":0,"menu_order":0,"comment_status":"closed","ping_status":"closed","template":"","meta":{"footnotes":""},"class_list":["post-211309","page","type-page","status-publish","hentry"],"_links":{"self":[{"href":"https:\/\/climalife.amphi.beer\/de\/wp-json\/wp\/v2\/pages\/211309","targetHints":{"allow":["GET"]}}],"collection":[{"href":"https:\/\/climalife.amphi.beer\/de\/wp-json\/wp\/v2\/pages"}],"about":[{"href":"https:\/\/climalife.amphi.beer\/de\/wp-json\/wp\/v2\/types\/page"}],"author":[{"embeddable":true,"href":"https:\/\/climalife.amphi.beer\/de\/wp-json\/wp\/v2\/users\/12"}],"replies":[{"embeddable":true,"href":"https:\/\/climalife.amphi.beer\/de\/wp-json\/wp\/v2\/comments?post=211309"}],"version-history":[{"count":6,"href":"https:\/\/climalife.amphi.beer\/de\/wp-json\/wp\/v2\/pages\/211309\/revisions"}],"predecessor-version":[{"id":211833,"href":"https:\/\/climalife.amphi.beer\/de\/wp-json\/wp\/v2\/pages\/211309\/revisions\/211833"}],"wp:attachment":[{"href":"https:\/\/climalife.amphi.beer\/de\/wp-json\/wp\/v2\/media?parent=211309"}],"curies":[{"name":"wp","href":"https:\/\/api.w.org\/{rel}","templated":true}]}}