{"id":201494,"date":"2023-07-11T14:58:56","date_gmt":"2023-07-11T14:58:56","guid":{"rendered":"https:\/\/climalife.com\/ethik-charta\/"},"modified":"2023-07-11T15:17:56","modified_gmt":"2023-07-11T15:17:56","slug":"ethik-charta","status":"publish","type":"page","link":"https:\/\/climalife.amphi.beer\/de\/ethik-charta\/","title":{"rendered":"Ethik-Charta"},"content":{"rendered":"\n<div style=\"height:50px\" aria-hidden=\"true\" class=\"wp-block-spacer\"><\/div>\n\n\n<div class=\"wp-block-image\">\n<figure class=\"alignleft size-full is-resized\"><a href=\"http:\/\/climalife.amphi.beer\/wp-content\/uploads\/2022\/09\/uploadsassetsCode20of20ethicsEthik-Charta_de_bat_x-1.pdf\" target=\"_blank\" rel=\"noreferrer noopener\"><img decoding=\"async\" src=\"http:\/\/climalife.amphi.beer\/wp-content\/uploads\/2023\/07\/code-ethique-DE.png\" alt=\"\" class=\"wp-image-201457\" width=\"440\" srcset=\"https:\/\/climalife.amphi.beer\/wp-content\/uploads\/2023\/07\/code-ethique-DE.png 552w, https:\/\/climalife.amphi.beer\/wp-content\/uploads\/2023\/07\/code-ethique-DE-212x300.png 212w\" sizes=\"(max-width: 552px) 100vw, 552px\" \/><\/a><\/figure>\n<\/div>\n\n\n<p>Pierre-Etienne Dehon, Vorstandsvorsitzender<\/p>\n\n\n\n<p><em>\u201eDer gemeinsame Nenner unserer Bem\u00fchungen ist von jeher unsere Berufung f\u00fcr guten Service.<\/em>\u201c <em>O. J. Dehon (1923-2010)<\/em><\/p>\n\n\n\n<p>Der Betrieb wurde 1874 gegr\u00fcndet und ist seit 1931 in Familienbesitz. Heute z\u00e4hlt die Dehon-Gruppe \u00fcber 700 Mitarbeiter in \u00fcber 15 L\u00e4ndern. Unser Unternehmen hat sich im Laufe der Jahre vergr\u00f6\u00dfert, ausgedehnt und diversifiziert, wir m\u00fcssen uns aber dennoch um die Werte versammeln, die unsere Gruppe seit ihrer Gr\u00fcndung getragen haben. Wir sind alle tagt\u00e4glich von den Entscheidungen und Aktionen betroffen, die sich auf die Gruppe und ihren Ruf auswirken. Daher appellieren wir an jeden von uns, unsere Werte zu ber\u00fccksichtigen und zu verk\u00f6rpern, u.a. Integrit\u00e4t, Wohlwollen, Respekt, nachhaltige Entwicklung, aber auch die grundlegenden Verhaltensregeln zu respektieren, die daraus hervorgehen.<\/p>\n\n\n\n<p>Diese Ethik-Charta hat zur Aufgabe, allen Mitarbeitern die gro\u00dfen Prinzipien und Werte unserer Gruppe in Erinnerung zu rufen. Deshalb muss jeder von uns bei seinen Unternehmungen innerhalb der Gruppe Garant dieser Charta sein.<\/p>\n\n\n\n<p><strong>Wert: <\/strong><\/p>\n\n\n\n<ul class=\"wp-block-list\"><li>Nachhaltige Entwicklung<\/li><li>Integrit\u00e4t<\/li><li>Innovation<\/li><li>Wohlwollen<\/li><li>Identit\u00e4t als Familienunternehmen<\/li><\/ul>\n\n\n\n<p><a href=\"http:\/\/climalife.amphi.beer\/wp-content\/uploads\/2022\/09\/uploadsassetsCode20of20ethicsEthik-Charta_de_bat_x-1.pdf\" data-type=\"URL\" data-id=\"http:\/\/climalife.amphi.beer\/wp-content\/uploads\/2022\/09\/uploadsassetsCode20of20ethicsEthik-Charta_de_bat_x-1.pdf\">Lesen Sie das Dokument<\/a><\/p>\n\n\n\n<div style=\"height:50px\" aria-hidden=\"true\" class=\"wp-block-spacer\"><\/div>\n","protected":false},"excerpt":{"rendered":"<p>Pierre-Etienne Dehon, Vorstandsvorsitzender \u201eDer gemeinsame Nenner unserer Bem\u00fchungen ist von&#8230;<\/p>\n","protected":false},"author":53,"featured_media":0,"parent":0,"menu_order":0,"comment_status":"closed","ping_status":"closed","template":"","meta":{"footnotes":""},"class_list":["post-201494","page","type-page","status-publish","hentry"],"_links":{"self":[{"href":"https:\/\/climalife.amphi.beer\/de\/wp-json\/wp\/v2\/pages\/201494","targetHints":{"allow":["GET"]}}],"collection":[{"href":"https:\/\/climalife.amphi.beer\/de\/wp-json\/wp\/v2\/pages"}],"about":[{"href":"https:\/\/climalife.amphi.beer\/de\/wp-json\/wp\/v2\/types\/page"}],"author":[{"embeddable":true,"href":"https:\/\/climalife.amphi.beer\/de\/wp-json\/wp\/v2\/users\/53"}],"replies":[{"embeddable":true,"href":"https:\/\/climalife.amphi.beer\/de\/wp-json\/wp\/v2\/comments?post=201494"}],"version-history":[{"count":4,"href":"https:\/\/climalife.amphi.beer\/de\/wp-json\/wp\/v2\/pages\/201494\/revisions"}],"predecessor-version":[{"id":201509,"href":"https:\/\/climalife.amphi.beer\/de\/wp-json\/wp\/v2\/pages\/201494\/revisions\/201509"}],"wp:attachment":[{"href":"https:\/\/climalife.amphi.beer\/de\/wp-json\/wp\/v2\/media?parent=201494"}],"curies":[{"name":"wp","href":"https:\/\/api.w.org\/{rel}","templated":true}]}}