{"id":183657,"date":"2007-12-28T16:36:35","date_gmt":"2007-12-28T16:36:35","guid":{"rendered":"http:\/\/climalife.com\/impressum\/"},"modified":"2023-07-24T16:22:41","modified_gmt":"2023-07-24T16:22:41","slug":"impressum","status":"publish","type":"page","link":"https:\/\/climalife.amphi.beer\/de\/impressum\/","title":{"rendered":"Impressum"},"content":{"rendered":"\n<div style=\"height:25px\" aria-hidden=\"true\" class=\"wp-block-spacer\"><\/div>\n\n\n\n<p>Die Website, die Sie gerade besuchen, ist Eigentum von:<\/p>\n\n\n\n<p><strong>DEHON SERVICE SAS &#8211; CLIMALIFE<\/strong><br>4 Rue de la Croix Faubin75011 Paris<br>Email : <a href=\"https:\/\/climalife.amphi.beer\/de\/contact-us\/\" data-type=\"URL\" data-id=\"https:\/\/climalife.amphi.beer\/de\/contact-us\/\">Formular ausf\u00fcllen <\/a><br>Kapital: 3 500 000 \u20ac<br>SIREN NUMMER: 310 259 205 RCS PARIS\u00a0<br>Ust-IdNr: FR 62 310 259 205<\/p>\n\n\n\n<div style=\"height:25px\" aria-hidden=\"true\" class=\"wp-block-spacer\"><\/div>\n\n\n\n<p><strong>Links zu anderen Webseiten<\/strong><\/p>\n\n\n\n<p>Unsere Website kann auf andere Dienste (Websites, Anwendungen usw.) verweisen, \u00fcber die CLIMALIFE keine technische oder inhaltliche Kontrolle hat. Die Existenz eines Hyperlinks zu einem anderen Dienst stellt keine Zustimmung von CLIMALIFE zu diesem Dienst oder seinem Inhalt dar.<\/p>\n\n\n\n<p>CLIMALIFE kann daher keine Garantie f\u00fcr die Vollst\u00e4ndigkeit oder Richtigkeit der Inhalte dieser Drittanbieterdienste oder deren Verf\u00fcgbarkeit geben.<\/p>\n\n\n\n<p>CLIMALIFE haftet nicht f\u00fcr direkte oder indirekte Sch\u00e4den, die sich aus dem Besuch oder der Nutzung von Webdiensten, auf die unsere Seite verweist, oder aus den auf diesen Diensten ver\u00f6ffentlichten Informationen ergeben. CLIMALIFE \u00fcbernimmt auch keine Verantwortung f\u00fcr die Verarbeitung personenbezogener Daten auf diesen Diensten.<\/p>\n\n\n\n<div style=\"height:25px\" aria-hidden=\"true\" class=\"wp-block-spacer\"><\/div>\n\n\n\n<p><strong>Intellektuelles Eigentum<\/strong><\/p>\n\n\n\n<p>CLIMALIFE informiert den Internetnutzer, dass der gesamte Inhalt der Website urheberrechtlich und markenrechtlich gesch\u00fctzt ist: Dazu geh\u00f6ren insbesondere das Logo der Website, das Logo unserer Partner, die ver\u00f6ffentlichten Texte, Fotografien, Zeichnungen, Sequenzen, Phonogramme, Videoclips, Symbole etc. CLIMALIFE beh\u00e4lt sich alle Rechte an diesen Elementen vor.<\/p>\n\n\n\n<p>Alle Rechte an diesen Elementen sind vorbehalten. Folglich ist jede teilweise oder vollst\u00e4ndige Vervielf\u00e4ltigung, Darstellung, Verwendung, Anpassung, \u00c4nderung, Aufnahme, \u00dcbersetzung, Vermarktung durch irgendein Verfahren und auf irgendeinem Tr\u00e4ger (Papier, digital usw.) ohne vorherige schriftliche Genehmigung von CLIMALIFE untersagt.<\/p>\n\n\n\n<div style=\"height:25px\" aria-hidden=\"true\" class=\"wp-block-spacer\"><\/div>\n\n\n\n<p><strong>Hosting\u00a0<\/strong><\/p>\n\n\n\n<p>OVH<br>SAS mit einem Kapital von 500K\u20ac.<br>RCS Roubaix Tourcoing 424 761 419 00011<br>Code APE 721Z &#8211; Ust-IdNr.: FR 22-424-761-419-00011<br>Haptsitz : 140 Quai du Sartel &#8211; 59100 Roubaix &#8211; Frankreich<br>Tel:\u00a0<\/p>\n","protected":false},"excerpt":{"rendered":"<p>Die Website, die Sie gerade besuchen, ist Eigentum von: DEHON&#8230;<\/p>\n","protected":false},"author":9,"featured_media":0,"parent":0,"menu_order":0,"comment_status":"closed","ping_status":"closed","template":"","meta":{"footnotes":""},"class_list":["post-183657","page","type-page","status-publish","hentry"],"_links":{"self":[{"href":"https:\/\/climalife.amphi.beer\/de\/wp-json\/wp\/v2\/pages\/183657","targetHints":{"allow":["GET"]}}],"collection":[{"href":"https:\/\/climalife.amphi.beer\/de\/wp-json\/wp\/v2\/pages"}],"about":[{"href":"https:\/\/climalife.amphi.beer\/de\/wp-json\/wp\/v2\/types\/page"}],"author":[{"embeddable":true,"href":"https:\/\/climalife.amphi.beer\/de\/wp-json\/wp\/v2\/users\/9"}],"replies":[{"embeddable":true,"href":"https:\/\/climalife.amphi.beer\/de\/wp-json\/wp\/v2\/comments?post=183657"}],"version-history":[{"count":8,"href":"https:\/\/climalife.amphi.beer\/de\/wp-json\/wp\/v2\/pages\/183657\/revisions"}],"predecessor-version":[{"id":203392,"href":"https:\/\/climalife.amphi.beer\/de\/wp-json\/wp\/v2\/pages\/183657\/revisions\/203392"}],"wp:attachment":[{"href":"https:\/\/climalife.amphi.beer\/de\/wp-json\/wp\/v2\/media?parent=183657"}],"curies":[{"name":"wp","href":"https:\/\/api.w.org\/{rel}","templated":true}]}}